{"id":730,"date":"2021-07-13T07:59:56","date_gmt":"2021-07-13T07:59:56","guid":{"rendered":"https:\/\/drvetgroup.com\/?page_id=730"},"modified":"2021-07-27T09:50:45","modified_gmt":"2021-07-27T09:50:45","slug":"recommandations","status":"publish","type":"page","link":"https:\/\/drvetgroup.com\/fr\/recommandations\/","title":{"rendered":"Recommandations"},"content":{"rendered":"<p>[et_pb_section fb_built=\u00a0\u00bb1&Prime; admin_label=\u00a0\u00bbsection\u00a0\u00bb _builder_version=\u00a0\u00bb3.22&Prime;][et_pb_row column_structure=\u00a0\u00bb1_2,1_2&Prime; admin_label=\u00a0\u00bbrow\u00a0\u00bb _builder_version=\u00a0\u00bb3.25&Prime; background_size=\u00a0\u00bbinitial\u00a0\u00bb background_position=\u00a0\u00bbtop_left\u00a0\u00bb background_repeat=\u00a0\u00bbrepeat\u00a0\u00bb][et_pb_column type=\u00a0\u00bb1_2&Prime; _builder_version=\u00a0\u00bb3.25&Prime; custom_padding=\u00a0\u00bb|||\u00a0\u00bb custom_padding__hover=\u00a0\u00bb|||\u00a0\u00bb][et_pb_image src=\u00a0\u00bbhttps:\/\/drvetgroup.com\/wp-content\/uploads\/2021\/07\/verica-FR.jpg\u00a0\u00bb alt=\u00a0\u00bbProf Dr Verica Mrvi\u0107\u00a0\u00bb title_text=\u00a0\u00bbProf Dr Verica Mrvi\u0107\u00a0\u00bb show_bottom_space=\u00a0\u00bboff\u00a0\u00bb align_tablet=\u00a0\u00bbcenter\u00a0\u00bb align_phone=\u00a0\u00bb\u00a0\u00bb align_last_edited=\u00a0\u00bbon|desktop\u00a0\u00bb admin_label=\u00a0\u00bbSlika\u00a0\u00bb _builder_version=\u00a0\u00bb3.23&Prime; animation_style=\u00a0\u00bbslide\u00a0\u00bb animation_direction=\u00a0\u00bbleft\u00a0\u00bb animation_duration=\u00a0\u00bb500ms\u00a0\u00bb animation_intensity_slide=\u00a0\u00bb10%\u00a0\u00bb animation=\u00a0\u00bbleft\u00a0\u00bb sticky=\u00a0\u00bbon\u00a0\u00bb use_border_color=\u00a0\u00bboff\u00a0\u00bb border_color=\u00a0\u00bb#ffffff\u00a0\u00bb border_style=\u00a0\u00bbsolid\u00a0\u00bb always_center_on_mobile=\u00a0\u00bbon\u00a0\u00bb]&nbsp;[\/et_pb_image][\/et_pb_column][et_pb_column type=\u00a0\u00bb1_2&Prime; _builder_version=\u00a0\u00bb3.25&Prime; custom_padding=\u00a0\u00bb|||\u00a0\u00bb custom_padding__hover=\u00a0\u00bb|||\u00a0\u00bb][et_pb_image src=\u00a0\u00bbhttps:\/\/drvetgroup.com\/wp-content\/uploads\/2021\/07\/vera-FR.jpg\u00a0\u00bb show_bottom_space=\u00a0\u00bboff\u00a0\u00bb align_tablet=\u00a0\u00bbcenter\u00a0\u00bb align_phone=\u00a0\u00bb\u00a0\u00bb align_last_edited=\u00a0\u00bbon|desktop\u00a0\u00bb admin_label=\u00a0\u00bbSlika\u00a0\u00bb _builder_version=\u00a0\u00bb3.23&Prime; animation_style=\u00a0\u00bbslide\u00a0\u00bb animation_direction=\u00a0\u00bbleft\u00a0\u00bb animation_duration=\u00a0\u00bb500ms\u00a0\u00bb animation_intensity_slide=\u00a0\u00bb10%\u00a0\u00bb animation=\u00a0\u00bbleft\u00a0\u00bb sticky=\u00a0\u00bbon\u00a0\u00bb use_border_color=\u00a0\u00bboff\u00a0\u00bb border_color=\u00a0\u00bb#ffffff\u00a0\u00bb border_style=\u00a0\u00bbsolid\u00a0\u00bb always_center_on_mobile=\u00a0\u00bbon\u00a0\u00bb]&nbsp;[\/et_pb_image][\/et_pb_column][\/et_pb_row][\/et_pb_section][et_pb_section fb_built=\u00a0\u00bb1&Prime; admin_label=\u00a0\u00bbsection\u00a0\u00bb _builder_version=\u00a0\u00bb3.22&Prime;][et_pb_row admin_label=\u00a0\u00bbrow\u00a0\u00bb _builder_version=\u00a0\u00bb3.25&Prime; background_size=\u00a0\u00bbinitial\u00a0\u00bb background_position=\u00a0\u00bbtop_left\u00a0\u00bb background_repeat=\u00a0\u00bbrepeat\u00a0\u00bb][et_pb_column type=\u00a0\u00bb4_4&Prime; _builder_version=\u00a0\u00bb3.25&Prime; custom_padding=\u00a0\u00bb|||\u00a0\u00bb custom_padding__hover=\u00a0\u00bb|||\u00a0\u00bb][et_pb_text admin_label=\u00a0\u00bbTekst\u00a0\u00bb _builder_version=\u00a0\u00bb4.9.7&Prime; text_font_size=\u00a0\u00bb16&Prime; background_size=\u00a0\u00bbinitial\u00a0\u00bb background_position=\u00a0\u00bbtop_left\u00a0\u00bb background_repeat=\u00a0\u00bbrepeat\u00a0\u00bb hover_enabled=\u00a0\u00bb0&Prime; use_border_color=\u00a0\u00bboff\u00a0\u00bb border_color=\u00a0\u00bb#ffffff\u00a0\u00bb border_style=\u00a0\u00bbsolid\u00a0\u00bb sticky_enabled=\u00a0\u00bb0&Prime;]<\/p>\n<p><span>Les produits de l\u2019entreprise <strong>DR.VET GROUP<\/strong> sont le r\u00e9sultat de nombreuses ann\u00e9es bas\u00e9es et caract\u00e9ris\u00e9es\u00a0 sur le professionnalisme, l exp\u00e9rimentation, l\u2019\u00e9levage,\u00a0 sur les expositions et le travail.<\/span><\/p>\n<p><span>Les suggestions faites de cette ambitieuse \u00e9quipe se sont av\u00e9r\u00e9es \u00eatre excellentes en raison de \u00a0leurs connaissances et observations acquises depuis de nombreuses ann\u00e9es de pratique, ils ont cr\u00e9e d\u2019excellents produits. Une grande partie de ces produits ont \u00e9t\u00e9 d\u00e9velopp\u00e9s et con\u00e7us en coop\u00e9ration avec la Facult\u00e9 de M\u00e9decine V\u00e9t\u00e9rinaire,\u00a0 du D\u00e9partement de la nutrition et de la botanique et de nos coll\u00e8gues professeurs. Ils ont \u00e9galement re\u00e7u les conseils d\u2019experts ainsi que les r\u00e9sultats d\u2019analyses du laboratoire de l institut scientifique v\u00e9t\u00e9rinaire \u00ab\u00a0 NOVID SAD\u00ab\u00a0n\u00e9cessaire pour le d\u00e9veloppement et la conception des produits,\u00a0 tout en restant en contact permanent et en coop\u00e9ration avec les cliniques v\u00e9t\u00e9rinaires \u00a0et les professeurs pour pouvoir \u00a0recueillir des informations suppl\u00e9mentaires qui s\u2019av\u00e8rent tr\u00e8s importantes \u00a0pour le d\u00e9veloppement de nos produits.<\/span><\/p>\n<p><span>La s\u00e9lection des composants dans les produits prouve qu\u2019un grand nombre de processus m\u00e9taboliques est b\u00e9n\u00e9fique pour le corps. La s\u00e9lection des ingr\u00e9dients inclus dans les produits est bas\u00e9e sur les derni\u00e8res recherches et les recommandations des principaux centres de recherches qui sont primordiales pour permettre d\u2019atteindre tr\u00e8s rapidement les r\u00e9sultats souhait\u00e9s.<\/span><\/p>\n<p><span>Le d\u00e9veloppement s\u2019est d\u00e9roul\u00e9 en diff\u00e9rentes \u00e9tapes\u00a0: Analyse de la composition et standardisation des valeurs des ingr\u00e9dients, production exp\u00e9rimentale, contr\u00f4le et analyse des produits, administration des produits chez les chiens et les chats de race dans chaque cat\u00e9gorie aussi bien dans les \u00e9levages que chez les propri\u00e9taires .A savoir, nous avons effectu\u00e9 un \u00a0suivi et une surveillance sur un grand nombre de sujets (chats et chiens) pr\u00e9sentant des changements pathologiques\u00a0 au niveau de la peau, du poil ainsi que sur des d\u00e9formations osseuses. Selon l\u2019\u00e9tat de sant\u00e9 des animaux, les propri\u00e9taires nous ont inform\u00e9s r\u00e9guli\u00e8rement\u00a0 sur l am\u00e9lioration de ces cas trait\u00e9s, les commentaires sont tr\u00e8s positifs.<\/span><\/p>\n<p><span>Les situations stressantes, les changements dans l\u2019environnement, le travail (sports canins et autres) sont quelques uns des facteurs externes indiquant que l utilisation de tels produits est n\u00e9cessaire.<\/span><\/p>\n<p><span>Les traumatismes postop\u00e9ratoires ainsi que la p\u00e9riode de r\u00e9cup\u00e9ration sont des situations dans lesquelles de tels produits peuvent acc\u00e9l\u00e9rer et am\u00e9liorer la r\u00e9cup\u00e9ration.<\/span><\/p>\n<p><span>Une expertise pouss\u00e9e ainsi que la responsabilit\u00e9 envers les animaux ont conduit \u00e0 la commercialisation des produits. Du point de vue de la profession on peut dire librement qu\u2019un travail tr\u00e8s large a \u00e9t\u00e9 effectu\u00e9 mais aussi qu\u2019il a \u00e9t\u00e9 abord\u00e9 de mani\u00e8re tr\u00e8s professionnelle. Nous travaillerons certainement \u00e0 l avenir, au d\u00e9veloppement de nouveaux produits, et c est pourquoi l\u2018enthousiasme et la volont\u00e9 de cette \u00e9quipe doivent \u00eatre soutenues.<\/span><\/p>\n<p>[\/et_pb_text][\/et_pb_column][\/et_pb_row][\/et_pb_section]<\/p>\n","protected":false},"excerpt":{"rendered":"<p>&nbsp;&nbsp;Les produits de l\u2019entreprise DR.VET GROUP sont le r\u00e9sultat de nombreuses ann\u00e9es bas\u00e9es et caract\u00e9ris\u00e9es\u00a0 sur le professionnalisme, l exp\u00e9rimentation, l\u2019\u00e9levage,\u00a0 sur les expositions et le travail. Les suggestions faites de cette ambitieuse \u00e9quipe se sont av\u00e9r\u00e9es \u00eatre excellentes en raison de \u00a0leurs connaissances et observations acquises depuis de nombreuses ann\u00e9es de pratique, ils ont [&hellip;]<\/p>\n","protected":false},"author":8,"featured_media":0,"parent":0,"menu_order":0,"comment_status":"closed","ping_status":"closed","template":"","meta":{"_et_pb_use_builder":"on","_et_pb_old_content":"","_et_gb_content_width":"","inline_featured_image":false,"footnotes":""},"class_list":["post-730","page","type-page","status-publish","hentry"],"_links":{"self":[{"href":"https:\/\/drvetgroup.com\/fr\/wp-json\/wp\/v2\/pages\/730","targetHints":{"allow":["GET"]}}],"collection":[{"href":"https:\/\/drvetgroup.com\/fr\/wp-json\/wp\/v2\/pages"}],"about":[{"href":"https:\/\/drvetgroup.com\/fr\/wp-json\/wp\/v2\/types\/page"}],"author":[{"embeddable":true,"href":"https:\/\/drvetgroup.com\/fr\/wp-json\/wp\/v2\/users\/8"}],"replies":[{"embeddable":true,"href":"https:\/\/drvetgroup.com\/fr\/wp-json\/wp\/v2\/comments?post=730"}],"version-history":[{"count":0,"href":"https:\/\/drvetgroup.com\/fr\/wp-json\/wp\/v2\/pages\/730\/revisions"}],"wp:attachment":[{"href":"https:\/\/drvetgroup.com\/fr\/wp-json\/wp\/v2\/media?parent=730"}],"curies":[{"name":"wp","href":"https:\/\/api.w.org\/{rel}","templated":true}]}}