{"id":694,"date":"2021-07-13T07:54:45","date_gmt":"2021-07-13T07:54:45","guid":{"rendered":"https:\/\/drvetgroup.com\/?page_id=694"},"modified":"2021-10-18T10:08:12","modified_gmt":"2021-10-18T10:08:12","slug":"empfehlungen","status":"publish","type":"page","link":"https:\/\/drvetgroup.com\/de\/empfehlungen\/","title":{"rendered":"Empfehlungen"},"content":{"rendered":"<p>[et_pb_section fb_built=&#8220;1&#8243; fullwidth=&#8220;on&#8220; admin_label=&#8220;section&#8220; _builder_version=&#8220;3.22&#8243; global_colors_info=&#8220;{}&#8220;][et_pb_fullwidth_slider admin_label=&#8220;Kliza\u010d pune \u0161irine&#8220; _builder_version=&#8220;3.16&#8243; custom_padding=&#8220;|||&#8220; custom_padding_tablet=&#8220;|||&#8220; custom_padding_phone=&#8220;|||&#8220; box_shadow_style=&#8220;preset6&#8243; box_shadow_blur=&#8220;10px&#8220; box_shadow_color=&#8220;rgba(0,0,0,0.1)&#8220; remove_inner_shadow=&#8220;off&#8220; hide_content_on_mobile=&#8220;off&#8220; hide_cta_on_mobile=&#8220;off&#8220; show_inner_shadow=&#8220;on&#8220; button_letter_spacing_hover=&#8220;0&#8243; global_colors_info=&#8220;{}&#8220; button_text_size__hover_enabled=&#8220;off&#8220; button_one_text_size__hover_enabled=&#8220;off&#8220; button_two_text_size__hover_enabled=&#8220;off&#8220; button_text_color__hover_enabled=&#8220;off&#8220; button_one_text_color__hover_enabled=&#8220;off&#8220; button_two_text_color__hover_enabled=&#8220;off&#8220; button_border_width__hover_enabled=&#8220;off&#8220; button_one_border_width__hover_enabled=&#8220;off&#8220; button_two_border_width__hover_enabled=&#8220;off&#8220; button_border_color__hover_enabled=&#8220;off&#8220; button_one_border_color__hover_enabled=&#8220;off&#8220; button_two_border_color__hover_enabled=&#8220;off&#8220; button_border_radius__hover_enabled=&#8220;off&#8220; button_one_border_radius__hover_enabled=&#8220;off&#8220; button_two_border_radius__hover_enabled=&#8220;off&#8220; button_letter_spacing__hover_enabled=&#8220;on&#8220; button_letter_spacing__hover=&#8220;0&#8243; button_one_letter_spacing__hover_enabled=&#8220;off&#8220; button_two_letter_spacing__hover_enabled=&#8220;off&#8220; button_bg_color__hover_enabled=&#8220;off&#8220; button_one_bg_color__hover_enabled=&#8220;off&#8220; button_two_bg_color__hover_enabled=&#8220;off&#8220;] [\/et_pb_fullwidth_slider][\/et_pb_section][et_pb_section fb_built=&#8220;1&#8243; admin_label=&#8220;section&#8220; _builder_version=&#8220;3.22&#8243; global_colors_info=&#8220;{}&#8220;][et_pb_row column_structure=&#8220;1_2,1_2&#8243; admin_label=&#8220;row&#8220; _builder_version=&#8220;3.25&#8243; background_size=&#8220;initial&#8220; background_position=&#8220;top_left&#8220; background_repeat=&#8220;repeat&#8220; global_colors_info=&#8220;{}&#8220;][et_pb_column type=&#8220;1_2&#8243; _builder_version=&#8220;3.25&#8243; custom_padding=&#8220;|||&#8220; global_colors_info=&#8220;{}&#8220; custom_padding__hover=&#8220;|||&#8220;][et_pb_image src=&#8220;https:\/\/drvetgroup.com\/wp-content\/uploads\/2021\/07\/mrva-de.png&#8220; show_bottom_space=&#8220;off&#8220; align_tablet=&#8220;center&#8220; align_phone=&#8220;&#8220; align_last_edited=&#8220;on|desktop&#8220; admin_label=&#8220;Slika&#8220; _builder_version=&#8220;3.23&#8243; animation_style=&#8220;slide&#8220; animation_direction=&#8220;left&#8220; animation_duration=&#8220;500ms&#8220; animation_intensity_slide=&#8220;10%&#8220; animation=&#8220;left&#8220; sticky=&#8220;on&#8220; use_border_color=&#8220;off&#8220; border_color=&#8220;#ffffff&#8220; border_style=&#8220;solid&#8220; always_center_on_mobile=&#8220;on&#8220; global_colors_info=&#8220;{}&#8220;] [\/et_pb_image][\/et_pb_column][et_pb_column type=&#8220;1_2&#8243; _builder_version=&#8220;3.25&#8243; custom_padding=&#8220;|||&#8220; global_colors_info=&#8220;{}&#8220; custom_padding__hover=&#8220;|||&#8220;][et_pb_image src=&#8220;https:\/\/drvetgroup.com\/wp-content\/uploads\/2021\/07\/vera-de.png&#8220; show_bottom_space=&#8220;off&#8220; align_tablet=&#8220;center&#8220; align_phone=&#8220;&#8220; align_last_edited=&#8220;on|desktop&#8220; admin_label=&#8220;Slika&#8220; _builder_version=&#8220;3.23&#8243; animation_style=&#8220;slide&#8220; animation_direction=&#8220;left&#8220; animation_duration=&#8220;500ms&#8220; animation_intensity_slide=&#8220;10%&#8220; animation=&#8220;left&#8220; sticky=&#8220;on&#8220; use_border_color=&#8220;off&#8220; border_color=&#8220;#ffffff&#8220; border_style=&#8220;solid&#8220; always_center_on_mobile=&#8220;on&#8220; global_colors_info=&#8220;{}&#8220;] [\/et_pb_image][\/et_pb_column][\/et_pb_row][et_pb_row admin_label=&#8220;row&#8220; _builder_version=&#8220;3.25&#8243; background_size=&#8220;initial&#8220; background_position=&#8220;top_left&#8220; background_repeat=&#8220;repeat&#8220; global_colors_info=&#8220;{}&#8220;][et_pb_column type=&#8220;4_4&#8243; _builder_version=&#8220;3.25&#8243; custom_padding=&#8220;|||&#8220; global_colors_info=&#8220;{}&#8220; custom_padding__hover=&#8220;|||&#8220;][et_pb_text admin_label=&#8220;Tekst&#8220; _builder_version=&#8220;4.10.7&#8243; text_font_size=&#8220;16&#8243; background_size=&#8220;initial&#8220; background_position=&#8220;top_left&#8220; background_repeat=&#8220;repeat&#8220; hover_enabled=&#8220;0&#8243; use_border_color=&#8220;off&#8220; border_color=&#8220;#ffffff&#8220; border_style=&#8220;solid&#8220; global_colors_info=&#8220;{}&#8220; sticky_enabled=&#8220;0&#8243;]<\/p>\n<p><span>Die Produkte der <strong>Dr. VET Gruppe<\/strong> sind das Ergebnis jahrelanger professioneller Arbeit und Erfahrung als Z\u00fcchter und Aussteller.<\/span><\/p>\n<p><span>Wir unterst\u00fctzten dieses ambitionierte Team, denn durch sein Know-How und seine Beobachtungen in vielen Jahren Praxiserfahrung brachte es exzellente Produkte auf den Markt. Ein gro\u00dfer Teil der Produktentwicklung geschah in Kooperation mit der\u00a0 Faculty of Veterinary Medicine und dem Department of Nutrition and Botany in Belgrad, Serbien, sowie mit Professoren dieser Fakult\u00e4ten. Das Team bekam Unterst\u00fctzung von Experten und die notwendigen Laboranalysen f\u00fcr manche der Produkte wurden im Scientific Veterinary Institute &#8222;Novi Sad&#8220; in Belgrad, Serbien, durchgef\u00fchrt. Au\u00dferdem h\u00e4lt das Team engen Kontakt zu Veterin\u00e4rmedizinern mit klinischer Praxiserfahrung und es bekommt Feedback von Veterin\u00e4rkliniken; ein \u00e4u\u00dferst wichtiges Element f\u00fcr die Entwicklung weitere Produkte.<\/span><\/p>\n<p><span>Die Auswahl der Zusammensetzung bei den Produkten zeigt, dass eine gro\u00dfe Anzahl von Stoffwechselprozessen im K\u00f6rper der Tiere unterst\u00fctzt wird. Die Zusammensetzung der Produkte erfolgt nach aktuellsten Forschungserkenntnissen, eine Voraussetzung f\u00fcr die schnelle Erzielung der gew\u00fcnschten Resultate.<\/span><\/p>\n<p><span>Die Entwicklung selbst geschah in ordnungsgem\u00e4\u00dfen Schritten: Analyse der Zusammensetzung und Standardisierung der Werte der Inhaltsstoffe, Versuchsfertigung, Kontrolle und Analyse der Produkte, Anwendung der Produkte bei Hunden und Katzen in eigenen Z\u00fcchtungen sowie auch in Z\u00fcchtungen mit ausgew\u00e4hlten Hunde- und Katzenarten. <\/span><\/p>\n<p><span>Die Proben wurden bei einer gro\u00dfen Anzahl von Hunden und Katzen verschiedener Z\u00fcchtungen, Geschlechter und Altersklassen \u00fcberwacht sowie auch bei Tieren mit pathologischen Ver\u00e4nderungen von Haut, Fell oder bei Knochenverformungen. Je nach Gesundheitszustand der Tiere beobachteten die Tierhalter Fortschritte und kommentierten dies entsprechend positiv.<\/span><\/p>\n<p><span>Stress-Situationen, Ver\u00e4nderungen der Umgebung oder hoher k\u00f6rperlicher Einsatz sind nur einige der externen Faktoren, die den Einsatz solcher Produkte notwendig machen.<\/span><\/p>\n<p><span>Postoperative Traumata und Rekonvaleszenzphasen sind Situationen, in denen solche Produkte helfen k\u00f6nnen die Heilung zu beschleunigen.<\/span><span>\u00a0<\/span><\/p>\n<p><span>H\u00f6chste Expertise und Verantwortung gegen\u00fcber Hunden und Katzen f\u00fchrte dazu, dass solche Produkte nun im Regal stehen. Aus Expertensicht kann man gut behaupten, dass ein sehr gro\u00dfes Thema auf h\u00f6chst professionelle Weise abgedeckt wurde. Wir werden auch zuk\u00fcnftig an der Entwicklung neuer Produkte arbeiten und wir werden dieses Team mit gro\u00dfem Enthusiasmus unterst\u00fctzten.<\/span><\/p>\n<p>[\/et_pb_text][\/et_pb_column][\/et_pb_row][\/et_pb_section]<\/p>\n","protected":false},"excerpt":{"rendered":"<p>Die Produkte der Dr. VET Gruppe sind das Ergebnis jahrelanger professioneller Arbeit und Erfahrung als Z\u00fcchter und Aussteller. Wir unterst\u00fctzten dieses ambitionierte Team, denn durch sein Know-How und seine Beobachtungen in vielen Jahren Praxiserfahrung brachte es exzellente Produkte auf den Markt. Ein gro\u00dfer Teil der Produktentwicklung geschah in Kooperation mit der\u00a0 Faculty of Veterinary Medicine [&hellip;]<\/p>\n","protected":false},"author":8,"featured_media":0,"parent":0,"menu_order":0,"comment_status":"closed","ping_status":"closed","template":"","meta":{"_et_pb_use_builder":"on","_et_pb_old_content":"","_et_gb_content_width":"","inline_featured_image":false,"footnotes":""},"class_list":["post-694","page","type-page","status-publish","hentry"],"_links":{"self":[{"href":"https:\/\/drvetgroup.com\/de\/wp-json\/wp\/v2\/pages\/694","targetHints":{"allow":["GET"]}}],"collection":[{"href":"https:\/\/drvetgroup.com\/de\/wp-json\/wp\/v2\/pages"}],"about":[{"href":"https:\/\/drvetgroup.com\/de\/wp-json\/wp\/v2\/types\/page"}],"author":[{"embeddable":true,"href":"https:\/\/drvetgroup.com\/de\/wp-json\/wp\/v2\/users\/8"}],"replies":[{"embeddable":true,"href":"https:\/\/drvetgroup.com\/de\/wp-json\/wp\/v2\/comments?post=694"}],"version-history":[{"count":0,"href":"https:\/\/drvetgroup.com\/de\/wp-json\/wp\/v2\/pages\/694\/revisions"}],"wp:attachment":[{"href":"https:\/\/drvetgroup.com\/de\/wp-json\/wp\/v2\/media?parent=694"}],"curies":[{"name":"wp","href":"https:\/\/api.w.org\/{rel}","templated":true}]}}