{"id":5629,"date":"2022-07-15T10:48:15","date_gmt":"2022-07-15T10:48:15","guid":{"rendered":"https:\/\/drvetgroup.com\/seniorvet\/"},"modified":"2022-09-12T13:35:59","modified_gmt":"2022-09-12T13:35:59","slug":"seniorvet","status":"publish","type":"page","link":"https:\/\/drvetgroup.com\/de\/seniorvet\/","title":{"rendered":"Seniorvet"},"content":{"rendered":"<p>[et_pb_section fb_built=&#8220;1&#8243; fullwidth=&#8220;on&#8220; admin_label=&#8220;Odeljak&#8220; _builder_version=&#8220;4.16&#8243; global_colors_info=&#8220;{}&#8220;][et_pb_fullwidth_slider admin_label=&#8220;Kliza\u010d pune \u0161irine&#8220; _builder_version=&#8220;4.18.0&#8243; height=&#8220;500px&#8220; height_tablet=&#8220;&#8220; height_phone=&#8220;265px&#8220; height_last_edited=&#8220;on|phone&#8220; custom_padding=&#8220;|||&#8220; custom_padding_tablet=&#8220;|||&#8220; custom_padding_phone=&#8220;|||&#8220; auto=&#8220;on&#8220; hover_enabled=&#8220;0&#8243; remove_inner_shadow=&#8220;on&#8220; hide_content_on_mobile=&#8220;off&#8220; hide_cta_on_mobile=&#8220;off&#8220; show_inner_shadow=&#8220;off&#8220; button_letter_spacing_hover=&#8220;0&#8243; global_colors_info=&#8220;{}&#8220; button_text_size__hover_enabled=&#8220;off&#8220; button_one_text_size__hover_enabled=&#8220;off&#8220; button_two_text_size__hover_enabled=&#8220;off&#8220; button_text_color__hover_enabled=&#8220;off&#8220; button_one_text_color__hover_enabled=&#8220;off&#8220; button_two_text_color__hover_enabled=&#8220;off&#8220; button_border_width__hover_enabled=&#8220;off&#8220; button_one_border_width__hover_enabled=&#8220;off&#8220; button_two_border_width__hover_enabled=&#8220;off&#8220; button_border_color__hover_enabled=&#8220;off&#8220; button_one_border_color__hover_enabled=&#8220;off&#8220; button_two_border_color__hover_enabled=&#8220;off&#8220; button_border_radius__hover_enabled=&#8220;off&#8220; button_one_border_radius__hover_enabled=&#8220;off&#8220; button_two_border_radius__hover_enabled=&#8220;off&#8220; button_letter_spacing__hover_enabled=&#8220;on&#8220; button_letter_spacing__hover=&#8220;0&#8243; button_one_letter_spacing__hover_enabled=&#8220;off&#8220; button_two_letter_spacing__hover_enabled=&#8220;off&#8220; button_bg_color__hover_enabled=&#8220;off&#8220; button_one_bg_color__hover_enabled=&#8220;off&#8220; button_two_bg_color__hover_enabled=&#8220;off&#8220; sticky_enabled=&#8220;0&#8243;][et_pb_slide use_bg_overlay=&#8220;off&#8220; use_text_overlay=&#8220;off&#8220; _builder_version=&#8220;4.17.4&#8243; header_font=&#8220;||||&#8220; body_font=&#8220;||||&#8220; background_enable_color=&#8220;off&#8220; background_image=&#8220;https:\/\/drvetgroup.com\/wp-content\/uploads\/2022\/07\/DrVet-slider-1920-800-x500-Seniorvet-pakovanje.jpg&#8220; background_enable_image=&#8220;on&#8220; button_icon_placement=&#8220;right&#8220; button_on_hover=&#8220;on&#8220; global_colors_info=&#8220;{}&#8220; button_text_size__hover_enabled=&#8220;off&#8220; button_one_text_size__hover_enabled=&#8220;off&#8220; button_two_text_size__hover_enabled=&#8220;off&#8220; button_text_color__hover_enabled=&#8220;off&#8220; button_one_text_color__hover_enabled=&#8220;off&#8220; button_two_text_color__hover_enabled=&#8220;off&#8220; button_border_width__hover_enabled=&#8220;off&#8220; button_one_border_width__hover_enabled=&#8220;off&#8220; button_two_border_width__hover_enabled=&#8220;off&#8220; button_border_color__hover_enabled=&#8220;off&#8220; button_one_border_color__hover_enabled=&#8220;off&#8220; button_two_border_color__hover_enabled=&#8220;off&#8220; button_border_radius__hover_enabled=&#8220;off&#8220; button_one_border_radius__hover_enabled=&#8220;off&#8220; button_two_border_radius__hover_enabled=&#8220;off&#8220; button_letter_spacing__hover_enabled=&#8220;off&#8220; button_one_letter_spacing__hover_enabled=&#8220;off&#8220; button_two_letter_spacing__hover_enabled=&#8220;off&#8220; button_bg_color__hover_enabled=&#8220;off&#8220; button_one_bg_color__hover_enabled=&#8220;off&#8220; button_two_bg_color__hover_enabled=&#8220;off&#8220; sticky_transition=&#8220;on&#8220;]<\/p>\n<p>&nbsp;<\/p>\n<p>&nbsp;<\/p>\n<p>&nbsp;<\/p>\n<p>&nbsp;<\/p>\n<p>&nbsp;<\/p>\n<p>&nbsp;<\/p>\n<p>[\/et_pb_slide][et_pb_slide use_bg_overlay=&#8220;off&#8220; use_text_overlay=&#8220;off&#8220; _builder_version=&#8220;4.17.4&#8243; header_font=&#8220;||||&#8220; body_font=&#8220;||||&#8220; background_enable_color=&#8220;off&#8220; background_image=&#8220;https:\/\/drvetgroup.com\/wp-content\/uploads\/2022\/07\/DrVet-slider-1920-800-x500-Seniorvet-sastav.jpg&#8220; background_enable_image=&#8220;on&#8220; button_icon_placement=&#8220;right&#8220; button_on_hover=&#8220;on&#8220; global_colors_info=&#8220;{}&#8220; button_text_size__hover_enabled=&#8220;off&#8220; button_one_text_size__hover_enabled=&#8220;off&#8220; button_two_text_size__hover_enabled=&#8220;off&#8220; button_text_color__hover_enabled=&#8220;off&#8220; button_one_text_color__hover_enabled=&#8220;off&#8220; button_two_text_color__hover_enabled=&#8220;off&#8220; button_border_width__hover_enabled=&#8220;off&#8220; button_one_border_width__hover_enabled=&#8220;off&#8220; button_two_border_width__hover_enabled=&#8220;off&#8220; button_border_color__hover_enabled=&#8220;off&#8220; button_one_border_color__hover_enabled=&#8220;off&#8220; button_two_border_color__hover_enabled=&#8220;off&#8220; button_border_radius__hover_enabled=&#8220;off&#8220; button_one_border_radius__hover_enabled=&#8220;off&#8220; button_two_border_radius__hover_enabled=&#8220;off&#8220; button_letter_spacing__hover_enabled=&#8220;off&#8220; button_one_letter_spacing__hover_enabled=&#8220;off&#8220; button_two_letter_spacing__hover_enabled=&#8220;off&#8220; button_bg_color__hover_enabled=&#8220;off&#8220; button_one_bg_color__hover_enabled=&#8220;off&#8220; button_two_bg_color__hover_enabled=&#8220;off&#8220; sticky_transition=&#8220;on&#8220;]<\/p>\n<p>&nbsp;<\/p>\n<p>&nbsp;<\/p>\n<p>&nbsp;<\/p>\n<p>[\/et_pb_slide][et_pb_slide use_bg_overlay=&#8220;off&#8220; use_text_overlay=&#8220;off&#8220; _builder_version=&#8220;4.17.4&#8243; header_font=&#8220;||||&#8220; body_font=&#8220;||||&#8220; background_enable_color=&#8220;off&#8220; background_image=&#8220;https:\/\/drvetgroup.com\/wp-content\/uploads\/2022\/07\/DrVet-slider-1920-800-x500-Seniorvet-live-photo-2.jpg&#8220; background_enable_image=&#8220;on&#8220; button_icon_placement=&#8220;right&#8220; button_on_hover=&#8220;on&#8220; global_colors_info=&#8220;{}&#8220; button_text_size__hover_enabled=&#8220;off&#8220; button_one_text_size__hover_enabled=&#8220;off&#8220; button_two_text_size__hover_enabled=&#8220;off&#8220; button_text_color__hover_enabled=&#8220;off&#8220; button_one_text_color__hover_enabled=&#8220;off&#8220; button_two_text_color__hover_enabled=&#8220;off&#8220; button_border_width__hover_enabled=&#8220;off&#8220; button_one_border_width__hover_enabled=&#8220;off&#8220; button_two_border_width__hover_enabled=&#8220;off&#8220; button_border_color__hover_enabled=&#8220;off&#8220; button_one_border_color__hover_enabled=&#8220;off&#8220; button_two_border_color__hover_enabled=&#8220;off&#8220; button_border_radius__hover_enabled=&#8220;off&#8220; button_one_border_radius__hover_enabled=&#8220;off&#8220; button_two_border_radius__hover_enabled=&#8220;off&#8220; button_letter_spacing__hover_enabled=&#8220;off&#8220; button_one_letter_spacing__hover_enabled=&#8220;off&#8220; button_two_letter_spacing__hover_enabled=&#8220;off&#8220; button_bg_color__hover_enabled=&#8220;off&#8220; button_one_bg_color__hover_enabled=&#8220;off&#8220; button_two_bg_color__hover_enabled=&#8220;off&#8220; sticky_transition=&#8220;on&#8220;]<\/p>\n<p>&nbsp;<\/p>\n<p>&nbsp;<\/p>\n<p>&nbsp;<\/p>\n<p>[\/et_pb_slide][et_pb_slide use_bg_overlay=&#8220;off&#8220; use_text_overlay=&#8220;off&#8220; _builder_version=&#8220;4.17.6&#8243; header_font=&#8220;||||&#8220; body_font=&#8220;||||&#8220; background_enable_color=&#8220;off&#8220; background_image=&#8220;https:\/\/drvetgroup.com\/wp-content\/uploads\/2022\/07\/DrVet-slider-1920-800-x500-Seniorvet-live-photo-3.jpg&#8220; background_enable_image=&#8220;on&#8220; button_icon_placement=&#8220;right&#8220; button_on_hover=&#8220;on&#8220; global_colors_info=&#8220;{}&#8220; button_text_size__hover_enabled=&#8220;off&#8220; button_one_text_size__hover_enabled=&#8220;off&#8220; button_two_text_size__hover_enabled=&#8220;off&#8220; button_text_color__hover_enabled=&#8220;off&#8220; button_one_text_color__hover_enabled=&#8220;off&#8220; button_two_text_color__hover_enabled=&#8220;off&#8220; button_border_width__hover_enabled=&#8220;off&#8220; button_one_border_width__hover_enabled=&#8220;off&#8220; button_two_border_width__hover_enabled=&#8220;off&#8220; button_border_color__hover_enabled=&#8220;off&#8220; button_one_border_color__hover_enabled=&#8220;off&#8220; button_two_border_color__hover_enabled=&#8220;off&#8220; button_border_radius__hover_enabled=&#8220;off&#8220; button_one_border_radius__hover_enabled=&#8220;off&#8220; button_two_border_radius__hover_enabled=&#8220;off&#8220; button_letter_spacing__hover_enabled=&#8220;off&#8220; button_one_letter_spacing__hover_enabled=&#8220;off&#8220; button_two_letter_spacing__hover_enabled=&#8220;off&#8220; button_bg_color__hover_enabled=&#8220;off&#8220; button_one_bg_color__hover_enabled=&#8220;off&#8220; button_two_bg_color__hover_enabled=&#8220;off&#8220; sticky_transition=&#8220;on&#8220;]<\/p>\n<p>&nbsp;<\/p>\n<p>&nbsp;<\/p>\n<p>&nbsp;<\/p>\n<p>[\/et_pb_slide][\/et_pb_fullwidth_slider][\/et_pb_section][et_pb_section fb_built=&#8220;1&#8243; custom_padding_last_edited=&#8220;off|desktop&#8220; admin_label=&#8220;section&#8220; module_id=&#8220;layouts&#8220; _builder_version=&#8220;4.16&#8243; background_color=&#8220;#ffffff&#8220; custom_padding=&#8220;5px||||false|false&#8220; custom_padding_tablet=&#8220;50px|0|50px|0&#8243; transparent_background=&#8220;off&#8220; make_fullwidth=&#8220;off&#8220; use_custom_width=&#8220;off&#8220; width_unit=&#8220;on&#8220; global_colors_info=&#8220;{}&#8220;][et_pb_row padding_mobile=&#8220;off&#8220; admin_label=&#8220;row&#8220; _builder_version=&#8220;4.16&#8243; parallax=&#8220;on&#8220; parallax_method=&#8220;off&#8220; make_fullwidth=&#8220;off&#8220; use_custom_width=&#8220;off&#8220; width_unit=&#8220;on&#8220; global_colors_info=&#8220;{}&#8220;][et_pb_column type=&#8220;4_4&#8243; _builder_version=&#8220;4.16&#8243; custom_padding=&#8220;|||&#8220; global_colors_info=&#8220;{}&#8220; custom_padding__hover=&#8220;|||&#8220;][et_pb_text admin_label=&#8220;Tekst&#8220; _builder_version=&#8220;4.18.0&#8243; background_size=&#8220;initial&#8220; background_position=&#8220;top_left&#8220; background_repeat=&#8220;repeat&#8220; use_border_color=&#8220;off&#8220; border_color=&#8220;#ffffff&#8220; border_style=&#8220;solid&#8220; global_colors_info=&#8220;{}&#8220;]<\/p>\n<h1><strong>SENIORVET<\/strong><\/h1>\n<p><strong><strong style=\"color: #ca8342;\">Seniorvet<\/strong> \u2013 <\/strong>Nahrungserg\u00e4nzungsmittel f\u00fcr Hunde und Katzen.<br \/>\n<strong>Analytische Werte:<\/strong> Rohzellulose 21 %, Rohprotein 15,5 %, Rohasche 13,5 %, Rohfett 1,4 %, Omega-3-Fetts\u00e4uren (aus getrockneten Algen) 0,05 %.<\/p>\n<p><strong>Zusammensetzung<\/strong>: Zellulose, Bierhefe, Calciumcarbonat, Monocalciumphosphat, getrocknete Algen, Magnesiumstearat.<\/p>\n<p><span><strong>Ern\u00e4hrungszus\u00e4tze pro 1 kg: <\/strong><\/span><\/p>\n<p>Getrockneter Melonensaft (von Natur aus reich an Enzym Superoxid &#8211; Dismutase) 100 000 mg, Glucosamin 20 000 mg, Tagetes Erecta-Pflanzenextrakt (Quelle f\u00fcr Lutein) 5 000 mg, MSM (Methylsulfonylmethan) 3 000 mg, Coenzym Q10 1 000 mg.<\/p>\n<p><strong>GEBRAUCHSEMPFEHLUNG <\/strong><\/p>\n<p><strong style=\"color: #ca8342;\">Seniorvet<\/strong> wird als t\u00e4gliche Nahrungserg\u00e4nzung f\u00fcr Hunde und Katzen ab 7 Jahren verwendet. Wir empfehlen die Dosis von 1 Tablette pro 10 kg K\u00f6rpergewicht des Hundes\/der Katze. Wegen seiner ausgewogenen Zusammensetzung kann <strong style=\"color: #ca8342;\">Seniorvet<\/strong> f\u00fcr Ihre Haustiere zeitlich unbegrenzt verwendet werden. Wir empfehlen <strong style=\"color: #ca8342;\">Seniorvet<\/strong> in Kombination mit unserem anderen Produkt <strong style=\"color: #ca8342;\">MULTIVET<\/strong>.<\/p>\n<p><strong>ERH\u00c4LTLICHE VERPACKUNGEN <\/strong><\/p>\n<ul>\n<li>100 Tabletten<\/li>\n<\/ul>\n<p>[\/et_pb_text][\/et_pb_column][\/et_pb_row][et_pb_row admin_label=&#8220;row&#8220; _builder_version=&#8220;4.16&#8243; background_size=&#8220;initial&#8220; background_position=&#8220;top_left&#8220; background_repeat=&#8220;repeat&#8220; custom_padding=&#8220;||0px||false|false&#8220; global_colors_info=&#8220;{}&#8220;][et_pb_column type=&#8220;4_4&#8243; _builder_version=&#8220;4.16&#8243; custom_padding=&#8220;|||&#8220; global_colors_info=&#8220;{}&#8220; custom_padding__hover=&#8220;|||&#8220;][et_pb_divider color=&#8220;#9e9e9e&#8220; disabled_on=&#8220;on|on|off&#8220; admin_label=&#8220;Divider&#8220; _builder_version=&#8220;4.16&#8243; hide_on_mobile=&#8220;on&#8220; global_colors_info=&#8220;{}&#8220;]&nbsp;[\/et_pb_divider][\/et_pb_column][\/et_pb_row][et_pb_row column_structure=&#8220;1_4,1_4,1_4,1_4&#8243; _builder_version=&#8220;4.16&#8243; _module_preset=&#8220;default&#8220; custom_padding=&#8220;0px||||false|false&#8220; global_colors_info=&#8220;{}&#8220;][et_pb_column type=&#8220;1_4&#8243; _builder_version=&#8220;4.16&#8243; _module_preset=&#8220;default&#8220; global_colors_info=&#8220;{}&#8220;][et_pb_image src=&#8220;https:\/\/drvetgroup.com\/wp-content\/uploads\/2022\/09\/DrVet-DE-Vorteile-von_Seniorvet-1.svg&#8220; alt=&#8220;DrVet RS benefiti_Seniorvet 1&#8243; title_text=&#8220;DrVet DE Vorteile von_Seniorvet 1&#8243; align=&#8220;center&#8220; align_tablet=&#8220;center&#8220; align_phone=&#8220;&#8220; align_last_edited=&#8220;on|desktop&#8220; admin_label=&#8220;Slika&#8220; _builder_version=&#8220;4.18.0&#8243; height=&#8220;200px&#8220; animation_style=&#8220;slide&#8220; animation_direction=&#8220;left&#8220; animation_duration=&#8220;500ms&#8220; animation_intensity_slide=&#8220;10%&#8220; use_border_color=&#8220;off&#8220; border_color=&#8220;#ffffff&#8220; border_style=&#8220;solid&#8220; animation=&#8220;left&#8220; sticky=&#8220;off&#8220; always_center_on_mobile=&#8220;on&#8220; global_colors_info=&#8220;{}&#8220;]&nbsp;[\/et_pb_image][\/et_pb_column][et_pb_column type=&#8220;1_4&#8243; _builder_version=&#8220;4.16&#8243; _module_preset=&#8220;default&#8220; global_colors_info=&#8220;{}&#8220;][et_pb_image src=&#8220;https:\/\/drvetgroup.com\/wp-content\/uploads\/2022\/09\/DrVet-DE-Vorteile-von_Seniorvet-2.svg&#8220; alt=&#8220;DrVet &#8211; Seniorvet benefiti 2&#8243; title_text=&#8220;DrVet DE Vorteile von_Seniorvet 2&#8243; align=&#8220;center&#8220; align_tablet=&#8220;center&#8220; align_phone=&#8220;&#8220; align_last_edited=&#8220;on|desktop&#8220; admin_label=&#8220;Slika&#8220; _builder_version=&#8220;4.18.0&#8243; height=&#8220;200px&#8220; animation_style=&#8220;slide&#8220; animation_direction=&#8220;left&#8220; animation_duration=&#8220;500ms&#8220; animation_intensity_slide=&#8220;10%&#8220; use_border_color=&#8220;off&#8220; border_color=&#8220;#ffffff&#8220; border_style=&#8220;solid&#8220; animation=&#8220;left&#8220; sticky=&#8220;off&#8220; always_center_on_mobile=&#8220;on&#8220; global_colors_info=&#8220;{}&#8220;]&nbsp;[\/et_pb_image][\/et_pb_column][et_pb_column type=&#8220;1_4&#8243; _builder_version=&#8220;4.16&#8243; _module_preset=&#8220;default&#8220; global_colors_info=&#8220;{}&#8220;][et_pb_image src=&#8220;https:\/\/drvetgroup.com\/wp-content\/uploads\/2022\/09\/DrVet-DE-Vorteile-von_Seniorvet-3.svg&#8220; alt=&#8220;DrVet &#8211; Seniorvet benefiti 3&#8243; title_text=&#8220;DrVet DE Vorteile von_Seniorvet 3&#8243; align=&#8220;center&#8220; align_tablet=&#8220;center&#8220; align_phone=&#8220;&#8220; align_last_edited=&#8220;on|desktop&#8220; admin_label=&#8220;Slika&#8220; _builder_version=&#8220;4.18.0&#8243; height=&#8220;200px&#8220; animation_style=&#8220;slide&#8220; animation_direction=&#8220;left&#8220; animation_duration=&#8220;500ms&#8220; animation_intensity_slide=&#8220;10%&#8220; use_border_color=&#8220;off&#8220; border_color=&#8220;#ffffff&#8220; border_style=&#8220;solid&#8220; animation=&#8220;left&#8220; sticky=&#8220;off&#8220; always_center_on_mobile=&#8220;on&#8220; global_colors_info=&#8220;{}&#8220;]&nbsp;[\/et_pb_image][\/et_pb_column][et_pb_column type=&#8220;1_4&#8243; _builder_version=&#8220;4.16&#8243; _module_preset=&#8220;default&#8220; global_colors_info=&#8220;{}&#8220;][et_pb_image src=&#8220;https:\/\/drvetgroup.com\/wp-content\/uploads\/2022\/09\/DrVet-DE-Vorteile-von_Seniorvet-4.svg&#8220; alt=&#8220;DrVet &#8211; Seniorvet benefiti 4&#8243; title_text=&#8220;DrVet DE Vorteile von_Seniorvet 4&#8243; align=&#8220;center&#8220; align_tablet=&#8220;center&#8220; align_phone=&#8220;&#8220; align_last_edited=&#8220;on|desktop&#8220; admin_label=&#8220;Slika&#8220; _builder_version=&#8220;4.18.0&#8243; height=&#8220;200px&#8220; animation_style=&#8220;slide&#8220; animation_direction=&#8220;left&#8220; animation_duration=&#8220;500ms&#8220; animation_intensity_slide=&#8220;10%&#8220; use_border_color=&#8220;off&#8220; border_color=&#8220;#ffffff&#8220; border_style=&#8220;solid&#8220; animation=&#8220;left&#8220; sticky=&#8220;off&#8220; always_center_on_mobile=&#8220;on&#8220; global_colors_info=&#8220;{}&#8220;]&nbsp;[\/et_pb_image][\/et_pb_column][\/et_pb_row][et_pb_row padding_mobile=&#8220;off&#8220; admin_label=&#8220;row&#8220; _builder_version=&#8220;4.16&#8243; background_size=&#8220;initial&#8220; background_position=&#8220;top_left&#8220; background_repeat=&#8220;repeat&#8220; make_fullwidth=&#8220;off&#8220; use_custom_width=&#8220;off&#8220; width_unit=&#8220;on&#8220; global_colors_info=&#8220;{}&#8220;][et_pb_column type=&#8220;4_4&#8243; _builder_version=&#8220;4.16&#8243; custom_padding=&#8220;|||&#8220; global_colors_info=&#8220;{}&#8220; custom_padding__hover=&#8220;|||&#8220;][et_pb_text admin_label=&#8220;Tekst&#8220; _builder_version=&#8220;4.18.0&#8243; text_font_size=&#8220;15&#8243; text_line_height=&#8220;1.9em&#8220; background_size=&#8220;initial&#8220; background_position=&#8220;top_left&#8220; background_repeat=&#8220;repeat&#8220; custom_padding=&#8220;3px|||||&#8220; use_border_color=&#8220;off&#8220; border_color=&#8220;#000000&#8243; border_style=&#8220;solid&#8220; global_colors_info=&#8220;{}&#8220;]<\/p>\n<p><strong style=\"color: #ca8342;\">Seniorvet<\/strong> ist ein Nahrungserg\u00e4nzungsmittel, das als t\u00e4gliche Nahrungserg\u00e4nzung f\u00fcr Hunde und <strong>Katzen ab 7 Jahren<\/strong> verwendet wird. Wir haben sorgf\u00e4ltig die wichtigsten Zutaten f\u00fcr unsere Haustiere dieser Alterskategorie ausgew\u00e4hlt.<\/p>\n<p><strong style=\"color: #ca8342;\">Seniorvet<\/strong> ist ein Produkt, das auf das Hinausz\u00f6gern der h\u00e4ufigsten Probleme, die unsere treuen Freunde im Alter bekommen, abzielt. Unser Wunsch ist es, dass die Lebensqualit\u00e4t auch in ihren sp\u00e4ten Jahren auf hohem Niveau erhalten bleibt.<\/p>\n<p>Mit zunehmendem Alter von Hunden und Katzen ben\u00f6tigt ihr K\u00f6rper besondere N\u00e4hrstoffe, um Vitalit\u00e4t und gute Kondition m\u00f6glichst lange zu erhalten.<\/p>\n<p><strong style=\"color: #ca8342;\">Seniorvet<\/strong> unterst\u00fctzt Gelenke, Augen, Herz und als Produkt reich an Antioxidantien sch\u00fctzt vor freien Radikalen.<\/p>\n<p>Die Alterung f\u00fchrt unweigerlich zu Ver\u00e4nderungen im Knochen-Gelenk-System, Verschlei\u00df der Knorpel und Oberfl\u00e4chenschichten der Gelenke, was zu Schmerzen und eingeschr\u00e4nkter Funktionalit\u00e4t f\u00fchrt. <strong style=\"color: #ca8342;\">Seniorvet<\/strong> enth\u00e4lt Glucosamin, MSM (Methylsulfonylmethan) und Omega-3-Fetts\u00e4uren zur Unterst\u00fctzung von Gelenken und Knorpel. Diese Kombination von Komponenten stellt den Knorpel wieder her, lindert Schmerzen und gibt die Elastizit\u00e4t der Gelenke zur\u00fcck.<\/p>\n<p>Die Alterung bei Hunden und Katzen f\u00fchrt auch zu Ver\u00e4nderungen der Augen, einer fortschreitenden Abnahme der Sehsch\u00e4rfe und der Entwicklung des grauen Stars. Aus diesem Grund enth\u00e4lt <strong style=\"color: #ca8342;\">Seniorvet<\/strong> aus Tagetes Erecta L Lutein, ein Carotinoid, das zur Erhaltung der Gesundheit der Augen und einer normalen Sehkraft beitr\u00e4gt.<\/p>\n<p>Coenzym Q10 spielt eine sehr wichtige Rolle bei der Erzeugung der f\u00fcr alle K\u00f6rperzellen notwendigen Energie. Dies ist besonders ausgepr\u00e4gt bei Organen, die zu ihrem Funktionieren viel Energie ben\u00f6tigen, wie zum Beispiel dem Herzen. <strong style=\"color: #ca8342;\">Seniorvet<\/strong> mit Coenzym Q10 unterst\u00fctzt die normale Funktion des gesamten Herz-Kreislauf-Systems. Au\u00dferdem unterst\u00fctzen Omega-3-Fetts\u00e4uren das Herz und die Blutgef\u00e4\u00dfe und tragen so zu einer besseren Funktion und einem besseren Kreislauf bei.<\/p>\n<p>Mit zunehmendem Alter produziert der K\u00f6rper weniger Antioxidantien und freie Radikale entstehen bei t\u00e4glichen Aktivit\u00e4ten. Daher ist Unterst\u00fctzung bei ihrer Kontrolle erforderlich, um den Abbau von Zellen und Geweben, die Entwicklung verschiedener Krankheiten und den allgemeinen Verlust der Vitalit\u00e4t zu verhindern. <strong style=\"color: #ca8342;\">Seniorvet<\/strong> enth\u00e4lt Melofeed lyophilisiertes Melonensaftkonzentrat, das reich an Superoxiddismutase ist.<br \/>Superoxiddismutase ist ein Enzym, ein nat\u00fcrliches Antioxidans, das die Produktion freier Radikale kontrolliert. Dieses Enzym ist besonders n\u00fctzlich f\u00fcr \u00fcbergewichtige Haustiere, \u00e4ltere Haustiere und solche mit etwas schw\u00e4cherer Immunit\u00e4t.<\/p>\n<p>[\/et_pb_text][\/et_pb_column][\/et_pb_row][\/et_pb_section]<\/p>\n","protected":false},"excerpt":{"rendered":"<p>&nbsp; &nbsp; &nbsp; &nbsp; &nbsp; &nbsp;&nbsp; &nbsp; &nbsp;&nbsp; &nbsp; &nbsp;&nbsp; &nbsp; &nbsp;SENIORVET Seniorvet \u2013 Nahrungserg\u00e4nzungsmittel f\u00fcr Hunde und Katzen. Analytische Werte: Rohzellulose 21 %, Rohprotein 15,5 %, Rohasche 13,5 %, Rohfett 1,4 %, Omega-3-Fetts\u00e4uren (aus getrockneten Algen) 0,05 %. Zusammensetzung: Zellulose, Bierhefe, Calciumcarbonat, Monocalciumphosphat, getrocknete Algen, Magnesiumstearat. Ern\u00e4hrungszus\u00e4tze pro 1 kg: Getrockneter Melonensaft (von Natur [&hellip;]<\/p>\n","protected":false},"author":8,"featured_media":0,"parent":0,"menu_order":0,"comment_status":"closed","ping_status":"closed","template":"","meta":{"_et_pb_use_builder":"on","_et_pb_old_content":"","_et_gb_content_width":"","inline_featured_image":false,"footnotes":""},"class_list":["post-5629","page","type-page","status-publish","hentry"],"_links":{"self":[{"href":"https:\/\/drvetgroup.com\/de\/wp-json\/wp\/v2\/pages\/5629","targetHints":{"allow":["GET"]}}],"collection":[{"href":"https:\/\/drvetgroup.com\/de\/wp-json\/wp\/v2\/pages"}],"about":[{"href":"https:\/\/drvetgroup.com\/de\/wp-json\/wp\/v2\/types\/page"}],"author":[{"embeddable":true,"href":"https:\/\/drvetgroup.com\/de\/wp-json\/wp\/v2\/users\/8"}],"replies":[{"embeddable":true,"href":"https:\/\/drvetgroup.com\/de\/wp-json\/wp\/v2\/comments?post=5629"}],"version-history":[{"count":5,"href":"https:\/\/drvetgroup.com\/de\/wp-json\/wp\/v2\/pages\/5629\/revisions"}],"predecessor-version":[{"id":5671,"href":"https:\/\/drvetgroup.com\/de\/wp-json\/wp\/v2\/pages\/5629\/revisions\/5671"}],"wp:attachment":[{"href":"https:\/\/drvetgroup.com\/de\/wp-json\/wp\/v2\/media?parent=5629"}],"curies":[{"name":"wp","href":"https:\/\/api.w.org\/{rel}","templated":true}]}}