{"id":2488,"date":"2021-07-15T10:23:20","date_gmt":"2021-07-15T10:23:20","guid":{"rendered":"https:\/\/drvetgroup.com\/?page_id=2488"},"modified":"2021-10-18T11:28:28","modified_gmt":"2021-10-18T11:28:28","slug":"corvet","status":"publish","type":"page","link":"https:\/\/drvetgroup.com\/de\/corvet\/","title":{"rendered":"Corvet"},"content":{"rendered":"<p>[et_pb_section fb_built=&#8220;1&#8243; fullwidth=&#8220;on&#8220; admin_label=&#8220;Odeljak&#8220; _builder_version=&#8220;3.22&#8243; global_colors_info=&#8220;{}&#8220;][et_pb_fullwidth_slider admin_label=&#8220;Kliza\u010d pune \u0161irine&#8220; _builder_version=&#8220;4.9.7&#8243; height=&#8220;500px&#8220; height_tablet=&#8220;&#8220; height_phone=&#8220;235px&#8220; height_last_edited=&#8220;on|phone&#8220; custom_padding=&#8220;|||&#8220; custom_padding_tablet=&#8220;|||&#8220; custom_padding_phone=&#8220;|||&#8220; auto=&#8220;on&#8220; remove_inner_shadow=&#8220;on&#8220; hide_content_on_mobile=&#8220;off&#8220; hide_cta_on_mobile=&#8220;off&#8220; show_inner_shadow=&#8220;off&#8220; button_letter_spacing_hover=&#8220;0&#8243; global_colors_info=&#8220;{}&#8220; button_text_size__hover_enabled=&#8220;off&#8220; button_one_text_size__hover_enabled=&#8220;off&#8220; button_two_text_size__hover_enabled=&#8220;off&#8220; button_text_color__hover_enabled=&#8220;off&#8220; button_one_text_color__hover_enabled=&#8220;off&#8220; button_two_text_color__hover_enabled=&#8220;off&#8220; button_border_width__hover_enabled=&#8220;off&#8220; button_one_border_width__hover_enabled=&#8220;off&#8220; button_two_border_width__hover_enabled=&#8220;off&#8220; button_border_color__hover_enabled=&#8220;off&#8220; button_one_border_color__hover_enabled=&#8220;off&#8220; button_two_border_color__hover_enabled=&#8220;off&#8220; button_border_radius__hover_enabled=&#8220;off&#8220; button_one_border_radius__hover_enabled=&#8220;off&#8220; button_two_border_radius__hover_enabled=&#8220;off&#8220; button_letter_spacing__hover_enabled=&#8220;on&#8220; button_letter_spacing__hover=&#8220;0&#8243; button_one_letter_spacing__hover_enabled=&#8220;off&#8220; button_two_letter_spacing__hover_enabled=&#8220;off&#8220; button_bg_color__hover_enabled=&#8220;off&#8220; button_one_bg_color__hover_enabled=&#8220;off&#8220; button_two_bg_color__hover_enabled=&#8220;off&#8220;][et_pb_slide use_bg_overlay=&#8220;off&#8220; use_text_overlay=&#8220;off&#8220; _builder_version=&#8220;4.9.7&#8243; header_font=&#8220;||||&#8220; body_font=&#8220;||||&#8220; background_enable_color=&#8220;off&#8220; background_image=&#8220;https:\/\/drvetgroup.com\/wp-content\/uploads\/2021\/07\/DrVet-slider-1920-800-x500-Corvet-pakovanje.jpg&#8220; background_enable_image=&#8220;on&#8220; button_icon_placement=&#8220;right&#8220; button_on_hover=&#8220;on&#8220; global_colors_info=&#8220;{}&#8220; button_text_size__hover_enabled=&#8220;off&#8220; button_one_text_size__hover_enabled=&#8220;off&#8220; button_two_text_size__hover_enabled=&#8220;off&#8220; button_text_color__hover_enabled=&#8220;off&#8220; button_one_text_color__hover_enabled=&#8220;off&#8220; button_two_text_color__hover_enabled=&#8220;off&#8220; button_border_width__hover_enabled=&#8220;off&#8220; button_one_border_width__hover_enabled=&#8220;off&#8220; button_two_border_width__hover_enabled=&#8220;off&#8220; button_border_color__hover_enabled=&#8220;off&#8220; button_one_border_color__hover_enabled=&#8220;off&#8220; button_two_border_color__hover_enabled=&#8220;off&#8220; button_border_radius__hover_enabled=&#8220;off&#8220; button_one_border_radius__hover_enabled=&#8220;off&#8220; button_two_border_radius__hover_enabled=&#8220;off&#8220; button_letter_spacing__hover_enabled=&#8220;off&#8220; button_one_letter_spacing__hover_enabled=&#8220;off&#8220; button_two_letter_spacing__hover_enabled=&#8220;off&#8220; button_bg_color__hover_enabled=&#8220;off&#8220; button_one_bg_color__hover_enabled=&#8220;off&#8220; button_two_bg_color__hover_enabled=&#8220;off&#8220; sticky_transition=&#8220;on&#8220;]<\/p>\n<p>&nbsp;<\/p>\n<p>&nbsp;<\/p>\n<p>&nbsp;<\/p>\n<p>[\/et_pb_slide][et_pb_slide use_bg_overlay=&#8220;off&#8220; use_text_overlay=&#8220;off&#8220; _builder_version=&#8220;4.9.7&#8243; header_font=&#8220;||||&#8220; body_font=&#8220;||||&#8220; background_enable_color=&#8220;off&#8220; background_image=&#8220;https:\/\/drvetgroup.com\/wp-content\/uploads\/2021\/07\/DrVet-slider-1920-800-x500-Corvet-sastav-1.jpg&#8220; background_enable_image=&#8220;on&#8220; button_icon_placement=&#8220;right&#8220; button_on_hover=&#8220;on&#8220; global_colors_info=&#8220;{}&#8220; button_text_size__hover_enabled=&#8220;off&#8220; button_one_text_size__hover_enabled=&#8220;off&#8220; button_two_text_size__hover_enabled=&#8220;off&#8220; button_text_color__hover_enabled=&#8220;off&#8220; button_one_text_color__hover_enabled=&#8220;off&#8220; button_two_text_color__hover_enabled=&#8220;off&#8220; button_border_width__hover_enabled=&#8220;off&#8220; button_one_border_width__hover_enabled=&#8220;off&#8220; button_two_border_width__hover_enabled=&#8220;off&#8220; button_border_color__hover_enabled=&#8220;off&#8220; button_one_border_color__hover_enabled=&#8220;off&#8220; button_two_border_color__hover_enabled=&#8220;off&#8220; button_border_radius__hover_enabled=&#8220;off&#8220; button_one_border_radius__hover_enabled=&#8220;off&#8220; button_two_border_radius__hover_enabled=&#8220;off&#8220; button_letter_spacing__hover_enabled=&#8220;off&#8220; button_one_letter_spacing__hover_enabled=&#8220;off&#8220; button_two_letter_spacing__hover_enabled=&#8220;off&#8220; button_bg_color__hover_enabled=&#8220;off&#8220; button_one_bg_color__hover_enabled=&#8220;off&#8220; button_two_bg_color__hover_enabled=&#8220;off&#8220; sticky_transition=&#8220;on&#8220;]&nbsp;<\/p>\n<p>&nbsp;<\/p>\n<p>&nbsp;<\/p>\n<p>&nbsp;<\/p>\n<p>&nbsp;<\/p>\n<p>&nbsp;[\/et_pb_slide][et_pb_slide use_bg_overlay=&#8220;off&#8220; use_text_overlay=&#8220;off&#8220; _builder_version=&#8220;4.9.7&#8243; header_font=&#8220;||||&#8220; body_font=&#8220;||||&#8220; background_enable_color=&#8220;off&#8220; background_image=&#8220;https:\/\/drvetgroup.com\/wp-content\/uploads\/2021\/07\/DrVet-slider-1920-800-x500-Corvet-srce.jpg&#8220; background_enable_image=&#8220;on&#8220; button_icon_placement=&#8220;right&#8220; button_on_hover=&#8220;on&#8220; global_colors_info=&#8220;{}&#8220; button_text_size__hover_enabled=&#8220;off&#8220; button_one_text_size__hover_enabled=&#8220;off&#8220; button_two_text_size__hover_enabled=&#8220;off&#8220; button_text_color__hover_enabled=&#8220;off&#8220; button_one_text_color__hover_enabled=&#8220;off&#8220; button_two_text_color__hover_enabled=&#8220;off&#8220; button_border_width__hover_enabled=&#8220;off&#8220; button_one_border_width__hover_enabled=&#8220;off&#8220; button_two_border_width__hover_enabled=&#8220;off&#8220; button_border_color__hover_enabled=&#8220;off&#8220; button_one_border_color__hover_enabled=&#8220;off&#8220; button_two_border_color__hover_enabled=&#8220;off&#8220; button_border_radius__hover_enabled=&#8220;off&#8220; button_one_border_radius__hover_enabled=&#8220;off&#8220; button_two_border_radius__hover_enabled=&#8220;off&#8220; button_letter_spacing__hover_enabled=&#8220;off&#8220; button_one_letter_spacing__hover_enabled=&#8220;off&#8220; button_two_letter_spacing__hover_enabled=&#8220;off&#8220; button_bg_color__hover_enabled=&#8220;off&#8220; button_one_bg_color__hover_enabled=&#8220;off&#8220; button_two_bg_color__hover_enabled=&#8220;off&#8220; sticky_transition=&#8220;on&#8220;]<\/p>\n<p>&nbsp;<\/p>\n<p>&nbsp;<\/p>\n<p>&nbsp;<\/p>\n<p>&nbsp;<\/p>\n<p>&nbsp;<\/p>\n<p>&nbsp;<\/p>\n<p>[\/et_pb_slide][et_pb_slide use_bg_overlay=&#8220;off&#8220; use_text_overlay=&#8220;off&#8220; _builder_version=&#8220;4.9.7&#8243; header_font=&#8220;||||&#8220; body_font=&#8220;||||&#8220; background_enable_color=&#8220;off&#8220; background_image=&#8220;https:\/\/drvetgroup.com\/wp-content\/uploads\/2021\/07\/DrVet-slider-1920-800-x500-Corvet-live-photo.jpg&#8220; background_enable_image=&#8220;on&#8220; button_icon_placement=&#8220;right&#8220; button_on_hover=&#8220;on&#8220; global_colors_info=&#8220;{}&#8220; button_text_size__hover_enabled=&#8220;off&#8220; button_one_text_size__hover_enabled=&#8220;off&#8220; button_two_text_size__hover_enabled=&#8220;off&#8220; button_text_color__hover_enabled=&#8220;off&#8220; button_one_text_color__hover_enabled=&#8220;off&#8220; button_two_text_color__hover_enabled=&#8220;off&#8220; button_border_width__hover_enabled=&#8220;off&#8220; button_one_border_width__hover_enabled=&#8220;off&#8220; button_two_border_width__hover_enabled=&#8220;off&#8220; button_border_color__hover_enabled=&#8220;off&#8220; button_one_border_color__hover_enabled=&#8220;off&#8220; button_two_border_color__hover_enabled=&#8220;off&#8220; button_border_radius__hover_enabled=&#8220;off&#8220; button_one_border_radius__hover_enabled=&#8220;off&#8220; button_two_border_radius__hover_enabled=&#8220;off&#8220; button_letter_spacing__hover_enabled=&#8220;off&#8220; button_one_letter_spacing__hover_enabled=&#8220;off&#8220; button_two_letter_spacing__hover_enabled=&#8220;off&#8220; button_bg_color__hover_enabled=&#8220;off&#8220; button_one_bg_color__hover_enabled=&#8220;off&#8220; button_two_bg_color__hover_enabled=&#8220;off&#8220; sticky_transition=&#8220;on&#8220;]<\/p>\n<p>&nbsp;<\/p>\n<p>&nbsp;<\/p>\n<p>&nbsp;<\/p>\n<p>&nbsp;<\/p>\n<p>&nbsp;<\/p>\n<p>&nbsp;<\/p>\n<p>[\/et_pb_slide][\/et_pb_fullwidth_slider][\/et_pb_section][et_pb_section fb_built=&#8220;1&#8243; custom_padding_last_edited=&#8220;off|desktop&#8220; admin_label=&#8220;section&#8220; module_id=&#8220;layouts&#8220; _builder_version=&#8220;4.9.7&#8243; background_color=&#8220;#ffffff&#8220; custom_padding=&#8220;5px||||false|false&#8220; custom_padding_tablet=&#8220;50px|0|50px|0&#8243; transparent_background=&#8220;off&#8220; make_fullwidth=&#8220;off&#8220; use_custom_width=&#8220;off&#8220; width_unit=&#8220;on&#8220; global_colors_info=&#8220;{}&#8220;][et_pb_row padding_mobile=&#8220;off&#8220; admin_label=&#8220;row&#8220; _builder_version=&#8220;3.25&#8243; parallax=&#8220;on&#8220; parallax_method=&#8220;off&#8220; make_fullwidth=&#8220;off&#8220; use_custom_width=&#8220;off&#8220; width_unit=&#8220;on&#8220; global_colors_info=&#8220;{}&#8220;][et_pb_column type=&#8220;4_4&#8243; _builder_version=&#8220;3.25&#8243; custom_padding=&#8220;|||&#8220; global_colors_info=&#8220;{}&#8220; custom_padding__hover=&#8220;|||&#8220;][et_pb_text admin_label=&#8220;Tekst&#8220; _builder_version=&#8220;4.10.7&#8243; background_size=&#8220;initial&#8220; background_position=&#8220;top_left&#8220; background_repeat=&#8220;repeat&#8220; hover_enabled=&#8220;0&#8243; use_border_color=&#8220;off&#8220; border_color=&#8220;#ffffff&#8220; border_style=&#8220;solid&#8220; global_colors_info=&#8220;{}&#8220; sticky_enabled=&#8220;0&#8243;]<\/p>\n<h1><strong>CORVET<\/strong><\/h1>\n<p><strong>Di\u00e4tetische<\/strong> Nahrungserg\u00e4nzung f\u00fcr Hunde und Katzen \u2013 als Nahrungserg\u00e4nzung zur Unterst\u00fctzung der Herzfunktion bei chronischer Herzinsuffizienz \u2013 mit <strong>L-Carnitin, Coenzym Q, Omega 3-Fetts\u00e4uren und Taurin<\/strong>.<\/p>\n<p><strong>Analysewerte: <\/strong>Rohfaser 9,24%, Rohprotein\u00a019,62%, Rohasche 10,82 %, Rohfett\u00a02,67%, <strong>Omega 3-Fetts\u00e4uren1,2%<\/strong>, Natrium 0,02%, Magnesium 0,32%, Kalium 0,0187%, <strong>Coenzym Q10 10.000 mg\/kg<\/strong>.<strong>\u00a0<\/strong><\/p>\n<p><strong>Zusammensetzung: <\/strong>Bierhefe, Cellulosepulver, Magnesiumoxid, getrocknete Meeresalgen<\/p>\n<p><strong>Zusatzstoffe (pro kg)<\/strong>:<\/p>\n<p><strong>N\u00e4hrwert:<\/strong><\/p>\n<p><strong>Vitamin E<\/strong>\/ all-rac-Alpha-Tocopherol Acetat 3a700 5.000 mg, <strong>Selen-Hefe<\/strong> 3b813\u00a0 5 mg, <strong>L-Carnitin<\/strong> 3a910 350.000 mg, <strong>Taurin <\/strong>3a370 100.000 mg.<\/p>\n<p><strong>GEBRAUCHSEMPFEHLUNG<\/strong><\/p>\n<p>Die t\u00e4gliche Dosis von <strong>CORVET<\/strong> h\u00e4ngt von der Diagnose f\u00fcr das jeweilige Tier durch einen Tierarzt ab. Die anf\u00e4ngliche Dosis ist empfohlen mit 1 Tablette pro 10 kg K\u00f6rpergewicht pro Tag. Bei Erh\u00f6hung dieser Dosis empfiehlt es sich, vorher einen Tierarzt zu konsultieren.[\/et_pb_text][\/et_pb_column][\/et_pb_row][et_pb_row admin_label=&#8220;row&#8220; _builder_version=&#8220;4.9.7&#8243; background_size=&#8220;initial&#8220; background_position=&#8220;top_left&#8220; background_repeat=&#8220;repeat&#8220; custom_padding=&#8220;||0px||false|false&#8220; global_colors_info=&#8220;{}&#8220;][et_pb_column type=&#8220;4_4&#8243; _builder_version=&#8220;3.25&#8243; custom_padding=&#8220;|||&#8220; global_colors_info=&#8220;{}&#8220; custom_padding__hover=&#8220;|||&#8220;][et_pb_divider color=&#8220;#9e9e9e&#8220; disabled_on=&#8220;on|on|off&#8220; admin_label=&#8220;Divider&#8220; _builder_version=&#8220;3.2&#8243; hide_on_mobile=&#8220;on&#8220; global_colors_info=&#8220;{}&#8220;]&nbsp;[\/et_pb_divider][\/et_pb_column][\/et_pb_row][et_pb_row column_structure=&#8220;1_4,1_4,1_4,1_4&#8243; _builder_version=&#8220;4.9.7&#8243; _module_preset=&#8220;default&#8220; custom_padding=&#8220;0px||||false|false&#8220; global_colors_info=&#8220;{}&#8220;][et_pb_column type=&#8220;1_4&#8243; _builder_version=&#8220;4.9.7&#8243; _module_preset=&#8220;default&#8220; global_colors_info=&#8220;{}&#8220;][et_pb_image src=&#8220;https:\/\/drvetgroup.com\/wp-content\/uploads\/2021\/07\/DrVet-DE-Vorteile-von_Corvet-1.svg&#8220; title_text=&#8220;DrVet DE Vorteile von_Corvet 1&#8243; align_tablet=&#8220;center&#8220; align_phone=&#8220;&#8220; align_last_edited=&#8220;on|desktop&#8220; admin_label=&#8220;Slika&#8220; _builder_version=&#8220;4.9.7&#8243; animation_style=&#8220;slide&#8220; animation_direction=&#8220;left&#8220; animation_duration=&#8220;500ms&#8220; animation_intensity_slide=&#8220;10%&#8220; use_border_color=&#8220;off&#8220; border_color=&#8220;#ffffff&#8220; border_style=&#8220;solid&#8220; animation=&#8220;left&#8220; sticky=&#8220;off&#8220; always_center_on_mobile=&#8220;on&#8220; global_colors_info=&#8220;{}&#8220;]&nbsp;[\/et_pb_image][\/et_pb_column][et_pb_column type=&#8220;1_4&#8243; _builder_version=&#8220;4.9.7&#8243; _module_preset=&#8220;default&#8220; global_colors_info=&#8220;{}&#8220;][et_pb_image src=&#8220;https:\/\/drvetgroup.com\/wp-content\/uploads\/2021\/07\/DrVet-DE-Vorteile-von_Corvet-2.svg&#8220; title_text=&#8220;DrVet DE Vorteile von_Corvet 2&#8243; align_tablet=&#8220;center&#8220; align_phone=&#8220;&#8220; align_last_edited=&#8220;on|desktop&#8220; admin_label=&#8220;Slika&#8220; _builder_version=&#8220;4.9.7&#8243; animation_style=&#8220;slide&#8220; animation_direction=&#8220;left&#8220; animation_duration=&#8220;500ms&#8220; animation_intensity_slide=&#8220;10%&#8220; use_border_color=&#8220;off&#8220; border_color=&#8220;#ffffff&#8220; border_style=&#8220;solid&#8220; animation=&#8220;left&#8220; sticky=&#8220;off&#8220; always_center_on_mobile=&#8220;on&#8220; global_colors_info=&#8220;{}&#8220;]&nbsp;[\/et_pb_image][\/et_pb_column][et_pb_column type=&#8220;1_4&#8243; _builder_version=&#8220;4.9.7&#8243; _module_preset=&#8220;default&#8220; global_colors_info=&#8220;{}&#8220;][et_pb_image src=&#8220;https:\/\/drvetgroup.com\/wp-content\/uploads\/2021\/07\/DrVet-DE-Vorteile-von_Corvet-3.svg&#8220; title_text=&#8220;DrVet DE Vorteile von_Corvet 3&#8243; align_tablet=&#8220;center&#8220; align_phone=&#8220;&#8220; align_last_edited=&#8220;on|desktop&#8220; admin_label=&#8220;Slika&#8220; _builder_version=&#8220;4.9.7&#8243; animation_style=&#8220;slide&#8220; animation_direction=&#8220;left&#8220; animation_duration=&#8220;500ms&#8220; animation_intensity_slide=&#8220;10%&#8220; use_border_color=&#8220;off&#8220; border_color=&#8220;#ffffff&#8220; border_style=&#8220;solid&#8220; animation=&#8220;left&#8220; sticky=&#8220;off&#8220; always_center_on_mobile=&#8220;on&#8220; global_colors_info=&#8220;{}&#8220;]&nbsp;[\/et_pb_image][\/et_pb_column][et_pb_column type=&#8220;1_4&#8243; _builder_version=&#8220;4.9.7&#8243; _module_preset=&#8220;default&#8220; global_colors_info=&#8220;{}&#8220;][et_pb_image src=&#8220;https:\/\/drvetgroup.com\/wp-content\/uploads\/2021\/07\/DrVet-DE-Vorteile-von_Corvet-4.svg&#8220; title_text=&#8220;DrVet DE Vorteile von_Corvet 4&#8243; align_tablet=&#8220;center&#8220; align_phone=&#8220;&#8220; align_last_edited=&#8220;on|desktop&#8220; admin_label=&#8220;Slika&#8220; _builder_version=&#8220;4.9.7&#8243; animation_style=&#8220;slide&#8220; animation_direction=&#8220;left&#8220; animation_duration=&#8220;500ms&#8220; animation_intensity_slide=&#8220;10%&#8220; use_border_color=&#8220;off&#8220; border_color=&#8220;#ffffff&#8220; border_style=&#8220;solid&#8220; animation=&#8220;left&#8220; sticky=&#8220;off&#8220; always_center_on_mobile=&#8220;on&#8220; global_colors_info=&#8220;{}&#8220;]&nbsp;[\/et_pb_image][\/et_pb_column][\/et_pb_row][et_pb_row padding_mobile=&#8220;off&#8220; admin_label=&#8220;row&#8220; _builder_version=&#8220;3.25&#8243; background_size=&#8220;initial&#8220; background_position=&#8220;top_left&#8220; background_repeat=&#8220;repeat&#8220; make_fullwidth=&#8220;off&#8220; use_custom_width=&#8220;off&#8220; width_unit=&#8220;on&#8220; global_colors_info=&#8220;{}&#8220;][et_pb_column type=&#8220;4_4&#8243; _builder_version=&#8220;3.25&#8243; custom_padding=&#8220;|||&#8220; global_colors_info=&#8220;{}&#8220; custom_padding__hover=&#8220;|||&#8220;][et_pb_text admin_label=&#8220;Tekst&#8220; _builder_version=&#8220;3.27.4&#8243; text_font_size=&#8220;15&#8243; text_line_height=&#8220;1.9em&#8220; background_size=&#8220;initial&#8220; background_position=&#8220;top_left&#8220; background_repeat=&#8220;repeat&#8220; use_border_color=&#8220;off&#8220; border_color=&#8220;#000000&#8243; border_style=&#8220;solid&#8220; global_colors_info=&#8220;{}&#8220;]<strong>CORVET <\/strong>ist f\u00fcr alle Hunde- und Katzenarten mit Herzkreislaufproblemen vorgesehen. <strong>CORVET<\/strong> unterst\u00fctzt eine normale Herzmukelfunktion sowie den Stoffwechsel. <strong>CORVET<\/strong> kombiniert Bestandteile, die sowohl den Stoffwechsel als auch den Prozess zur Erzeugung von Antioxidantien unterst\u00fctzt. Damit ist es eine exzellente Nahrungserg\u00e4nzung f\u00fcr Hunde und Katzen mit Herzkreislaufdysfunktionen.<\/p>\n<p><strong>L-Carnitin<\/strong> verbessert den Herzmuskeltonus und die Herzfunktion, stimuliert die Energieversorgung sowie das Herzkreislaufsystem.<\/p>\n<p><strong>Coenzym Q10<\/strong> ist essentiell f\u00fcr das Funktionieren zahlreicher biologischer Prozesse im K\u00f6rper. Es spielt eine gro\u00dfe Rolle beim Prozess der Energieproduktion in den Zellen. Der K\u00f6rper synthetisiert selbst Coenzym Q10, aber die Synthetisierung sinkt mit der Zeit, was sich in den Organen, die eine hohe Menge an Energie ben\u00f6tigen (vor allem beim Herz), widerspiegelt. Eine Erg\u00e4nzung von Coenzym Q10 unterst\u00fctzt die Herzmuskelfunktion.<br \/>\nL-Carnitin und Coenzym Q10 zusammen bilden einen Synergieeffekt und ihr Gebrauch wird optimiert.<\/p>\n<p><strong>Taurine<\/strong> hat potientiell eine positive Auswirkung auf Herz und Blutgef\u00e4\u00dfe. Es reduziert eine Verdickung oder Verh\u00e4rtung der Arterienw\u00e4nde. Es hilft Patienten mit isch\u00e4mischen Herzerkrankungen und Kardiomyopathy.<\/p>\n<p><strong>Vitamin E und Selen<\/strong> helfen als starke Antioxidiantien das Risiko von Herzkreislaufkrankheiten zu senken, da sie die Auswirkungen von oxidativem Stress reduzieren.<\/p>\n<p><strong>Omega 3-Fetts\u00e4uren<\/strong> verhindern die Bildung und Entwicklung von Artherosklerose (die Verengung von Blutgef\u00e4\u00dfen durch Verdickung und Ansammlung von Fett an den W\u00e4nden der Blutgef\u00e4\u00dfe). Es verhindert ebenso die Bildung von Blutgerinnseln, welche die Arterien verstopfen k\u00f6nnen, wodurch es zu einem Herzinfarkt kommen kann.<\/p>\n<p><strong>Magnesium<\/strong> ist ein wichtiger Neurotransmitter, der eine normale Muskelkontraktion unterst\u00fctzt, ebenso wie den Herzmuskel. Es verhilft zu einem normalen Herzrhythmus.[\/et_pb_text][\/et_pb_column][\/et_pb_row][\/et_pb_section]<\/p>\n","protected":false},"excerpt":{"rendered":"<p>&nbsp; &nbsp; &nbsp;&nbsp; &nbsp; &nbsp; &nbsp; &nbsp; &nbsp;&nbsp; &nbsp; &nbsp; &nbsp; &nbsp; &nbsp;&nbsp; &nbsp; &nbsp; &nbsp; &nbsp; &nbsp;CORVET Di\u00e4tetische Nahrungserg\u00e4nzung f\u00fcr Hunde und Katzen \u2013 als Nahrungserg\u00e4nzung zur Unterst\u00fctzung der Herzfunktion bei chronischer Herzinsuffizienz \u2013 mit L-Carnitin, Coenzym Q, Omega 3-Fetts\u00e4uren und Taurin. Analysewerte: Rohfaser 9,24%, Rohprotein\u00a019,62%, Rohasche 10,82 %, Rohfett\u00a02,67%, Omega 3-Fetts\u00e4uren1,2%, Natrium 0,02%, [&hellip;]<\/p>\n","protected":false},"author":8,"featured_media":0,"parent":0,"menu_order":0,"comment_status":"closed","ping_status":"closed","template":"","meta":{"_et_pb_use_builder":"on","_et_pb_old_content":"","_et_gb_content_width":"","inline_featured_image":false,"footnotes":""},"class_list":["post-2488","page","type-page","status-publish","hentry"],"_links":{"self":[{"href":"https:\/\/drvetgroup.com\/de\/wp-json\/wp\/v2\/pages\/2488","targetHints":{"allow":["GET"]}}],"collection":[{"href":"https:\/\/drvetgroup.com\/de\/wp-json\/wp\/v2\/pages"}],"about":[{"href":"https:\/\/drvetgroup.com\/de\/wp-json\/wp\/v2\/types\/page"}],"author":[{"embeddable":true,"href":"https:\/\/drvetgroup.com\/de\/wp-json\/wp\/v2\/users\/8"}],"replies":[{"embeddable":true,"href":"https:\/\/drvetgroup.com\/de\/wp-json\/wp\/v2\/comments?post=2488"}],"version-history":[{"count":0,"href":"https:\/\/drvetgroup.com\/de\/wp-json\/wp\/v2\/pages\/2488\/revisions"}],"wp:attachment":[{"href":"https:\/\/drvetgroup.com\/de\/wp-json\/wp\/v2\/media?parent=2488"}],"curies":[{"name":"wp","href":"https:\/\/api.w.org\/{rel}","templated":true}]}}