{"id":2335,"date":"2021-07-15T09:37:13","date_gmt":"2021-07-15T09:37:13","guid":{"rendered":"https:\/\/drvetgroup.com\/?page_id=2335"},"modified":"2021-10-18T11:21:30","modified_gmt":"2021-10-18T11:21:30","slug":"reprovet-female","status":"publish","type":"page","link":"https:\/\/drvetgroup.com\/de\/reprovet-female\/","title":{"rendered":"Reprovet female"},"content":{"rendered":"<p>[et_pb_section fb_built=&#8220;1&#8243; fullwidth=&#8220;on&#8220; admin_label=&#8220;Odeljak&#8220; _builder_version=&#8220;3.22&#8243; global_colors_info=&#8220;{}&#8220;][et_pb_fullwidth_slider admin_label=&#8220;Kliza\u010d pune \u0161irine&#8220; _builder_version=&#8220;4.9.7&#8243; height=&#8220;500px&#8220; height_tablet=&#8220;&#8220; height_phone=&#8220;235px&#8220; height_last_edited=&#8220;on|phone&#8220; custom_padding=&#8220;|||&#8220; custom_padding_tablet=&#8220;|||&#8220; custom_padding_phone=&#8220;|||&#8220; auto=&#8220;on&#8220; remove_inner_shadow=&#8220;on&#8220; hide_content_on_mobile=&#8220;off&#8220; hide_cta_on_mobile=&#8220;off&#8220; show_inner_shadow=&#8220;off&#8220; button_letter_spacing_hover=&#8220;0&#8243; global_colors_info=&#8220;{}&#8220; button_text_size__hover_enabled=&#8220;off&#8220; button_one_text_size__hover_enabled=&#8220;off&#8220; button_two_text_size__hover_enabled=&#8220;off&#8220; button_text_color__hover_enabled=&#8220;off&#8220; button_one_text_color__hover_enabled=&#8220;off&#8220; button_two_text_color__hover_enabled=&#8220;off&#8220; button_border_width__hover_enabled=&#8220;off&#8220; button_one_border_width__hover_enabled=&#8220;off&#8220; button_two_border_width__hover_enabled=&#8220;off&#8220; button_border_color__hover_enabled=&#8220;off&#8220; button_one_border_color__hover_enabled=&#8220;off&#8220; button_two_border_color__hover_enabled=&#8220;off&#8220; button_border_radius__hover_enabled=&#8220;off&#8220; button_one_border_radius__hover_enabled=&#8220;off&#8220; button_two_border_radius__hover_enabled=&#8220;off&#8220; button_letter_spacing__hover_enabled=&#8220;on&#8220; button_letter_spacing__hover=&#8220;0&#8243; button_one_letter_spacing__hover_enabled=&#8220;off&#8220; button_two_letter_spacing__hover_enabled=&#8220;off&#8220; button_bg_color__hover_enabled=&#8220;off&#8220; button_one_bg_color__hover_enabled=&#8220;off&#8220; button_two_bg_color__hover_enabled=&#8220;off&#8220;][et_pb_slide use_bg_overlay=&#8220;off&#8220; use_text_overlay=&#8220;off&#8220; _builder_version=&#8220;4.9.7&#8243; header_font=&#8220;||||&#8220; body_font=&#8220;||||&#8220; background_enable_color=&#8220;off&#8220; background_image=&#8220;https:\/\/drvetgroup.com\/wp-content\/uploads\/2021\/07\/DrVet-slider-1920-800-x500-Reprovet-FEMALE-pakovanje-1.jpg&#8220; background_enable_image=&#8220;on&#8220; button_icon_placement=&#8220;right&#8220; button_on_hover=&#8220;on&#8220; global_colors_info=&#8220;{}&#8220; button_text_size__hover_enabled=&#8220;off&#8220; button_one_text_size__hover_enabled=&#8220;off&#8220; button_two_text_size__hover_enabled=&#8220;off&#8220; button_text_color__hover_enabled=&#8220;off&#8220; button_one_text_color__hover_enabled=&#8220;off&#8220; button_two_text_color__hover_enabled=&#8220;off&#8220; button_border_width__hover_enabled=&#8220;off&#8220; button_one_border_width__hover_enabled=&#8220;off&#8220; button_two_border_width__hover_enabled=&#8220;off&#8220; button_border_color__hover_enabled=&#8220;off&#8220; button_one_border_color__hover_enabled=&#8220;off&#8220; button_two_border_color__hover_enabled=&#8220;off&#8220; button_border_radius__hover_enabled=&#8220;off&#8220; button_one_border_radius__hover_enabled=&#8220;off&#8220; button_two_border_radius__hover_enabled=&#8220;off&#8220; button_letter_spacing__hover_enabled=&#8220;off&#8220; button_one_letter_spacing__hover_enabled=&#8220;off&#8220; button_two_letter_spacing__hover_enabled=&#8220;off&#8220; button_bg_color__hover_enabled=&#8220;off&#8220; button_one_bg_color__hover_enabled=&#8220;off&#8220; button_two_bg_color__hover_enabled=&#8220;off&#8220; sticky_transition=&#8220;on&#8220;]<\/p>\n<p>&nbsp;<\/p>\n<p>&nbsp;<\/p>\n<p>&nbsp;<\/p>\n<p>&nbsp;<\/p>\n<p>&nbsp;<\/p>\n<p>[\/et_pb_slide][et_pb_slide use_bg_overlay=&#8220;off&#8220; use_text_overlay=&#8220;off&#8220; _builder_version=&#8220;4.9.7&#8243; header_font=&#8220;||||&#8220; body_font=&#8220;||||&#8220; background_enable_color=&#8220;off&#8220; background_image=&#8220;https:\/\/drvetgroup.com\/wp-content\/uploads\/2021\/07\/DrVet-slider-1920-800-x500-Reprovet-FEMALE-sastav-1.jpg&#8220; background_enable_image=&#8220;on&#8220; button_icon_placement=&#8220;right&#8220; button_on_hover=&#8220;on&#8220; global_colors_info=&#8220;{}&#8220; button_text_size__hover_enabled=&#8220;off&#8220; button_one_text_size__hover_enabled=&#8220;off&#8220; button_two_text_size__hover_enabled=&#8220;off&#8220; button_text_color__hover_enabled=&#8220;off&#8220; button_one_text_color__hover_enabled=&#8220;off&#8220; button_two_text_color__hover_enabled=&#8220;off&#8220; button_border_width__hover_enabled=&#8220;off&#8220; button_one_border_width__hover_enabled=&#8220;off&#8220; button_two_border_width__hover_enabled=&#8220;off&#8220; button_border_color__hover_enabled=&#8220;off&#8220; button_one_border_color__hover_enabled=&#8220;off&#8220; button_two_border_color__hover_enabled=&#8220;off&#8220; button_border_radius__hover_enabled=&#8220;off&#8220; button_one_border_radius__hover_enabled=&#8220;off&#8220; button_two_border_radius__hover_enabled=&#8220;off&#8220; button_letter_spacing__hover_enabled=&#8220;off&#8220; button_one_letter_spacing__hover_enabled=&#8220;off&#8220; button_two_letter_spacing__hover_enabled=&#8220;off&#8220; button_bg_color__hover_enabled=&#8220;off&#8220; button_one_bg_color__hover_enabled=&#8220;off&#8220; button_two_bg_color__hover_enabled=&#8220;off&#8220; sticky_transition=&#8220;on&#8220;][\/et_pb_slide][et_pb_slide use_bg_overlay=&#8220;off&#8220; use_text_overlay=&#8220;off&#8220; _builder_version=&#8220;3.16&#8243; header_font=&#8220;||||&#8220; body_font=&#8220;||||&#8220; background_color=&#8220;#ffffff&#8220; background_image=&#8220;https:\/\/drvetgroup.com\/wp-content\/uploads\/2021\/07\/Stenci.jpg&#8220; button_icon_placement=&#8220;right&#8220; button_on_hover=&#8220;on&#8220; global_colors_info=&#8220;{}&#8220; button_text_size__hover_enabled=&#8220;off&#8220; button_one_text_size__hover_enabled=&#8220;off&#8220; button_two_text_size__hover_enabled=&#8220;off&#8220; button_text_color__hover_enabled=&#8220;off&#8220; button_one_text_color__hover_enabled=&#8220;off&#8220; button_two_text_color__hover_enabled=&#8220;off&#8220; button_border_width__hover_enabled=&#8220;off&#8220; button_one_border_width__hover_enabled=&#8220;off&#8220; button_two_border_width__hover_enabled=&#8220;off&#8220; button_border_color__hover_enabled=&#8220;off&#8220; button_one_border_color__hover_enabled=&#8220;off&#8220; button_two_border_color__hover_enabled=&#8220;off&#8220; button_border_radius__hover_enabled=&#8220;off&#8220; button_one_border_radius__hover_enabled=&#8220;off&#8220; button_two_border_radius__hover_enabled=&#8220;off&#8220; button_letter_spacing__hover_enabled=&#8220;off&#8220; button_one_letter_spacing__hover_enabled=&#8220;off&#8220; button_two_letter_spacing__hover_enabled=&#8220;off&#8220; button_bg_color__hover_enabled=&#8220;off&#8220; button_one_bg_color__hover_enabled=&#8220;off&#8220; button_two_bg_color__hover_enabled=&#8220;off&#8220; sticky_transition=&#8220;on&#8220;]&nbsp;<\/p>\n<p>&nbsp;<\/p>\n<p>&nbsp;<\/p>\n<p>&nbsp;[\/et_pb_slide][et_pb_slide use_bg_overlay=&#8220;off&#8220; use_text_overlay=&#8220;off&#8220; _builder_version=&#8220;3.16&#8243; header_font=&#8220;||||&#8220; body_font=&#8220;||||&#8220; background_color=&#8220;#ffffff&#8220; background_image=&#8220;https:\/\/drvetgroup.com\/wp-content\/uploads\/2021\/07\/reprovet-female4.jpg&#8220; button_icon_placement=&#8220;right&#8220; button_on_hover=&#8220;on&#8220; global_colors_info=&#8220;{}&#8220; button_text_size__hover_enabled=&#8220;off&#8220; button_one_text_size__hover_enabled=&#8220;off&#8220; button_two_text_size__hover_enabled=&#8220;off&#8220; button_text_color__hover_enabled=&#8220;off&#8220; button_one_text_color__hover_enabled=&#8220;off&#8220; button_two_text_color__hover_enabled=&#8220;off&#8220; button_border_width__hover_enabled=&#8220;off&#8220; button_one_border_width__hover_enabled=&#8220;off&#8220; button_two_border_width__hover_enabled=&#8220;off&#8220; button_border_color__hover_enabled=&#8220;off&#8220; button_one_border_color__hover_enabled=&#8220;off&#8220; button_two_border_color__hover_enabled=&#8220;off&#8220; button_border_radius__hover_enabled=&#8220;off&#8220; button_one_border_radius__hover_enabled=&#8220;off&#8220; button_two_border_radius__hover_enabled=&#8220;off&#8220; button_letter_spacing__hover_enabled=&#8220;off&#8220; button_one_letter_spacing__hover_enabled=&#8220;off&#8220; button_two_letter_spacing__hover_enabled=&#8220;off&#8220; button_bg_color__hover_enabled=&#8220;off&#8220; button_one_bg_color__hover_enabled=&#8220;off&#8220; button_two_bg_color__hover_enabled=&#8220;off&#8220; sticky_transition=&#8220;on&#8220;]&nbsp;<\/p>\n<p>&nbsp;<\/p>\n<p>&nbsp;<\/p>\n<p>&nbsp;[\/et_pb_slide][\/et_pb_fullwidth_slider][\/et_pb_section][et_pb_section fb_built=&#8220;1&#8243; custom_padding_last_edited=&#8220;off|desktop&#8220; admin_label=&#8220;section&#8220; module_id=&#8220;layouts&#8220; _builder_version=&#8220;4.9.7&#8243; background_color=&#8220;#ffffff&#8220; custom_padding=&#8220;5px||||false|false&#8220; custom_padding_tablet=&#8220;50px|0|50px|0&#8243; transparent_background=&#8220;off&#8220; make_fullwidth=&#8220;off&#8220; use_custom_width=&#8220;off&#8220; width_unit=&#8220;on&#8220; global_colors_info=&#8220;{}&#8220;][et_pb_row padding_mobile=&#8220;off&#8220; admin_label=&#8220;row&#8220; _builder_version=&#8220;3.25&#8243; parallax=&#8220;on&#8220; parallax_method=&#8220;off&#8220; make_fullwidth=&#8220;off&#8220; use_custom_width=&#8220;off&#8220; width_unit=&#8220;on&#8220; global_colors_info=&#8220;{}&#8220;][et_pb_column type=&#8220;4_4&#8243; _builder_version=&#8220;3.25&#8243; custom_padding=&#8220;|||&#8220; global_colors_info=&#8220;{}&#8220; custom_padding__hover=&#8220;|||&#8220;][et_pb_text admin_label=&#8220;Tekst&#8220; _builder_version=&#8220;4.10.7&#8243; background_size=&#8220;initial&#8220; background_position=&#8220;top_left&#8220; background_repeat=&#8220;repeat&#8220; hover_enabled=&#8220;0&#8243; use_border_color=&#8220;off&#8220; border_color=&#8220;#ffffff&#8220; border_style=&#8220;solid&#8220; global_colors_info=&#8220;{}&#8220; sticky_enabled=&#8220;0&#8243;]<\/p>\n<h1><strong>REPROVET female <img loading=\"lazy\" decoding=\"async\" class=\"alignnone wp-image-1892 size-full\" src=\"https:\/\/drvetgroup.com\/wp-content\/uploads\/2021\/10\/DrVet-Reprovet-female-symbol-1.svg\" alt=\"\" width=\"30\" height=\"30\" \/><\/strong><\/h1>\n<p><strong>REPROVET female \u2013 Nahrungserg\u00e4nzung f\u00fcr Hunde und Katzen \u2013 mit\u00a0<\/strong><strong>Marrubium Vulgare \u2013 als Erg\u00e4nzung bei der Ern\u00e4hrung von weiblichen Hunden und Katzen bei intensiver Z\u00fcchtung<\/strong><\/p>\n<p><strong>Bestandteile: <\/strong>Rohfaser 26,52%, Rohasche 12,19%, Rohprotein\u00a08,37%, Roh\u00f6le und -fette\u00a01,86<strong>%<\/strong><\/p>\n<p><strong>Zusammensetzung<\/strong><strong>: <\/strong>Bierhefe, Cellulosepuder, Siliciumdioxid, Magnesiumstearat, <strong><em>\u00a0<\/em><\/strong>Marrubium vulgare 300 000 mg\/ kg, getrocknete Algen &#8211; Schizochytrium Limacinum (Omega 3-Fetts\u00e4uren) 2000 mg\/ kg<strong>\u00a0<\/strong><\/p>\n<p><strong>Zusatzstoffe (pro kg):<\/strong><br \/>\n<strong>N<\/strong><strong>\u00e4<\/strong><strong>hrwert<\/strong><strong>: <\/strong>Vitamine:\u00a0 A 3a672a 700 000 IU, D3 3a671 40 000 IU, E 3a700 (Alfatocoferil-Acetat) 6000 mg, C 400 mg, Fols\u00e4ure ( B9) 400 mg, B2 300 mg, B6 150 mg,\u00a0 K3 100 mg, B1 100 mg , B12 40 mcg<\/p>\n<p><strong>Spurenelemente:<\/strong><br \/>\nZink (Zinksulphat-Monohydrat) E6 2 1500 mg, Eisen (Eisenchelat von Aminos\u00e4uren-Hydrat) E1 1000 mg, Mangan (Mangansulphat-Monohydrat) E5 700 mg,\u00a0 Zink (Zinkchelat von Aminos\u00e4uren-Hydrat) E6 \u00a0700 mg, Kupfer (Kupferchelat von Aminos\u00e4uren-Hydrat) E4 200 mg, Iod (Calciumiodat, anhydrisch) E2 50 mg, Selen (Seleno-Methionin) 3b813 15mg, Selen (Natriumselenit) E8 10 mg<strong>\u00a0<\/strong><\/p>\n<p><strong>Gebruauchsanweisung: F\u00fcr Katzen \u00bd Tablette pro Tag und f\u00fcr Hunde 1 Tablette pro Tag und pro 10 kg K\u00f6rpergewicht. Max. Tagesdosis: Katzen 1 Tablette, Hunde 2 Tabletten pro 10 kg K\u00f6rpergewicht und Tag.<\/strong><strong>\u00a0<\/strong><\/p>\n<p>&nbsp;[\/et_pb_text][\/et_pb_column][\/et_pb_row][et_pb_row admin_label=&#8220;row&#8220; _builder_version=&#8220;4.9.7&#8243; background_size=&#8220;initial&#8220; background_position=&#8220;top_left&#8220; background_repeat=&#8220;repeat&#8220; custom_padding=&#8220;||0px||false|false&#8220; global_colors_info=&#8220;{}&#8220;][et_pb_column type=&#8220;4_4&#8243; _builder_version=&#8220;3.25&#8243; custom_padding=&#8220;|||&#8220; global_colors_info=&#8220;{}&#8220; custom_padding__hover=&#8220;|||&#8220;][et_pb_divider color=&#8220;#9e9e9e&#8220; disabled_on=&#8220;on|on|off&#8220; admin_label=&#8220;Divider&#8220; _builder_version=&#8220;3.2&#8243; hide_on_mobile=&#8220;on&#8220; global_colors_info=&#8220;{}&#8220;]&nbsp;[\/et_pb_divider][\/et_pb_column][\/et_pb_row][et_pb_row column_structure=&#8220;1_4,1_4,1_4,1_4&#8243; _builder_version=&#8220;4.9.7&#8243; _module_preset=&#8220;default&#8220; custom_padding=&#8220;0px||||false|false&#8220; global_colors_info=&#8220;{}&#8220;][et_pb_column type=&#8220;1_4&#8243; _builder_version=&#8220;4.9.7&#8243; _module_preset=&#8220;default&#8220; global_colors_info=&#8220;{}&#8220;][et_pb_image src=&#8220;https:\/\/drvetgroup.com\/wp-content\/uploads\/2021\/07\/DrVet-DE-Vorteile-von_Reprovet-female-1.svg&#8220; title_text=&#8220;DrVet DE Vorteile von_Reprovet female 1&#8243; align_tablet=&#8220;center&#8220; align_phone=&#8220;&#8220; align_last_edited=&#8220;on|desktop&#8220; admin_label=&#8220;Slika&#8220; _builder_version=&#8220;4.9.7&#8243; animation_style=&#8220;slide&#8220; animation_direction=&#8220;left&#8220; animation_duration=&#8220;500ms&#8220; animation_intensity_slide=&#8220;10%&#8220; use_border_color=&#8220;off&#8220; border_color=&#8220;#ffffff&#8220; border_style=&#8220;solid&#8220; animation=&#8220;left&#8220; sticky=&#8220;off&#8220; always_center_on_mobile=&#8220;on&#8220; global_colors_info=&#8220;{}&#8220;]&nbsp;[\/et_pb_image][\/et_pb_column][et_pb_column type=&#8220;1_4&#8243; _builder_version=&#8220;4.9.7&#8243; _module_preset=&#8220;default&#8220; global_colors_info=&#8220;{}&#8220;][et_pb_image src=&#8220;https:\/\/drvetgroup.com\/wp-content\/uploads\/2021\/07\/DrVet-DE-Vorteile-von_Reprovet-female-2.svg&#8220; title_text=&#8220;DrVet DE Vorteile von_Reprovet female 2&#8243; align_tablet=&#8220;center&#8220; align_phone=&#8220;&#8220; align_last_edited=&#8220;on|desktop&#8220; admin_label=&#8220;Slika&#8220; _builder_version=&#8220;4.9.7&#8243; animation_style=&#8220;slide&#8220; animation_direction=&#8220;left&#8220; animation_duration=&#8220;500ms&#8220; animation_intensity_slide=&#8220;10%&#8220; use_border_color=&#8220;off&#8220; border_color=&#8220;#ffffff&#8220; border_style=&#8220;solid&#8220; animation=&#8220;left&#8220; sticky=&#8220;off&#8220; always_center_on_mobile=&#8220;on&#8220; global_colors_info=&#8220;{}&#8220;]&nbsp;[\/et_pb_image][\/et_pb_column][et_pb_column type=&#8220;1_4&#8243; _builder_version=&#8220;4.9.7&#8243; _module_preset=&#8220;default&#8220; global_colors_info=&#8220;{}&#8220;][et_pb_image src=&#8220;https:\/\/drvetgroup.com\/wp-content\/uploads\/2021\/07\/DrVet-DE-Vorteile-von_Reprovet-female-3.svg&#8220; title_text=&#8220;DrVet DE Vorteile von_Reprovet female 3&#8243; align_tablet=&#8220;center&#8220; align_phone=&#8220;&#8220; align_last_edited=&#8220;on|desktop&#8220; admin_label=&#8220;Slika&#8220; _builder_version=&#8220;4.9.7&#8243; animation_style=&#8220;slide&#8220; animation_direction=&#8220;left&#8220; animation_duration=&#8220;500ms&#8220; animation_intensity_slide=&#8220;10%&#8220; use_border_color=&#8220;off&#8220; border_color=&#8220;#ffffff&#8220; border_style=&#8220;solid&#8220; animation=&#8220;left&#8220; sticky=&#8220;off&#8220; always_center_on_mobile=&#8220;on&#8220; global_colors_info=&#8220;{}&#8220;]&nbsp;[\/et_pb_image][\/et_pb_column][et_pb_column type=&#8220;1_4&#8243; _builder_version=&#8220;4.9.7&#8243; _module_preset=&#8220;default&#8220; global_colors_info=&#8220;{}&#8220;][et_pb_image src=&#8220;https:\/\/drvetgroup.com\/wp-content\/uploads\/2021\/07\/DrVet-DE-Vorteile-von_Reprovet-female-4.svg&#8220; title_text=&#8220;DrVet DE Vorteile von_Reprovet female 4&#8243; align_tablet=&#8220;center&#8220; align_phone=&#8220;&#8220; align_last_edited=&#8220;on|desktop&#8220; admin_label=&#8220;Slika&#8220; _builder_version=&#8220;4.9.7&#8243; animation_style=&#8220;slide&#8220; animation_direction=&#8220;left&#8220; animation_duration=&#8220;500ms&#8220; animation_intensity_slide=&#8220;10%&#8220; use_border_color=&#8220;off&#8220; border_color=&#8220;#ffffff&#8220; border_style=&#8220;solid&#8220; animation=&#8220;left&#8220; sticky=&#8220;off&#8220; always_center_on_mobile=&#8220;on&#8220; global_colors_info=&#8220;{}&#8220;]&nbsp;[\/et_pb_image][\/et_pb_column][\/et_pb_row][et_pb_row padding_mobile=&#8220;off&#8220; admin_label=&#8220;row&#8220; _builder_version=&#8220;3.25&#8243; background_size=&#8220;initial&#8220; background_position=&#8220;top_left&#8220; background_repeat=&#8220;repeat&#8220; make_fullwidth=&#8220;off&#8220; use_custom_width=&#8220;off&#8220; width_unit=&#8220;on&#8220; global_colors_info=&#8220;{}&#8220;][et_pb_column type=&#8220;4_4&#8243; _builder_version=&#8220;3.25&#8243; custom_padding=&#8220;|||&#8220; global_colors_info=&#8220;{}&#8220; custom_padding__hover=&#8220;|||&#8220;][et_pb_text admin_label=&#8220;Tekst&#8220; _builder_version=&#8220;4.10.7&#8243; text_font_size=&#8220;15&#8243; text_line_height=&#8220;1.9em&#8220; background_size=&#8220;initial&#8220; background_position=&#8220;top_left&#8220; background_repeat=&#8220;repeat&#8220; hover_enabled=&#8220;0&#8243; use_border_color=&#8220;off&#8220; border_color=&#8220;#000000&#8243; border_style=&#8220;solid&#8220; global_colors_info=&#8220;{}&#8220; sticky_enabled=&#8220;0&#8243;]<\/p>\n<h1><strong>REPROVET<\/strong>\u00a0female <img loading=\"lazy\" decoding=\"async\" class=\"alignnone wp-image-1892 size-full\" src=\"https:\/\/drvetgroup.com\/wp-content\/uploads\/2021\/10\/DrVet-Reprovet-female-symbol-1.svg\" alt=\"\" width=\"30\" height=\"30\" \/><\/h1>\n<p><strong>REPROVET stimuliert den Eisprung sowie die Reifung der Eizellen, steigert die Empf\u00e4ngnisf\u00e4higkeit, unterst\u00fctzt Wachstum und Entwicklung von Plazenta und F\u00f6tus.<\/strong><\/p>\n<p><strong>Marrubium vulgare <\/strong>unterst\u00fctzt den normalen Fruchtbarkeitszyklus bei weiblichen Tieren, reguliert die Funktion der Fortpflanzungsdr\u00fcsen sowie die Produktion von der f\u00fcr die Fortpflanzung verantwortlichen Hormone.<br \/>\nEs normalisiert die Sekretion der Fortpflanzungshormone und stabilisiert die Fortpflanzungsorgane.<br \/>\nEine Unausgewogenheit der Hormone ist der h\u00e4ufigste Grund f\u00fcr Unfruchtbarkeit.<\/p>\n<p><strong>Vitamin B 9, Vitamin B 6 and Vitamin B 12<\/strong> verhindern die h\u00e4ufigsten Komplikationen bei tr\u00e4chtigen weiblichen Tieren wie z. B. Fehlgeburten, Abl\u00f6sung der Plazenta, Fr\u00fchgeburt, zu geringes Gewicht der Jungen bei der Geburt oder Fehlbildungen von Gehirn oder Wirbels\u00e4ule der F\u00f6ten. Der t\u00e4gliche Bedarf an Vitamin B 9 w\u00e4hrend der Tr\u00e4chtigkeit ist enorm erh\u00f6ht und wird nicht durch die t\u00e4gliche Nahrung abgedeckt.<br \/>\nFols\u00e4ure unterst\u00fctzt zahlreiche K\u00f6rperfunktionen, besonders aber das Heranwachsen eines Embryos und die Bildung von f\u00f6talen Zellen. Vitamin B 9-Mangel ist besonders folgenschwer w\u00e4hrend der ersten Schwangerschaftswochen.<\/p>\n<p><strong>Vitamin B 2<\/strong> unterst\u00fctzt die Entwicklung von Knochen, Muskeln und Nervensystem des F\u00f6tus. Vitamin B 2-Mangel kann bei jungen Tieren zu An\u00e4mie, Wachstumsproblemen, Verdauungsst\u00f6rungen und einem schw\u00e4cheren Immunsystem f\u00fchren.<\/p>\n<p><strong>Vitamin E<\/strong> verbessert die Funktionsf\u00e4higkeit der Fortpflanzungsorgane, normalisiert die Aussonderung von \u00d6strogen und Progesteron und f\u00f6rdert die Reifung der Eizellen. Vitamin E ist eines der wichtigsten Antioxidationsmittel; es zerst\u00f6rt sch\u00e4dliche freie Radikale, die das Erbgut sch\u00e4digen k\u00f6nnen. Vitamin E kann die Geb\u00e4rmutterschleimhaut verdicken (Schleimhaut in der Geb\u00e4rmutter, in der sich befruchtete Eizellen einnisten), wodurch die Empf\u00e4ngnisf\u00e4higkeit erh\u00f6ht wird.<\/p>\n<p><strong>Vitamin A <\/strong>unterst\u00fctzt die Bildung von Knochen und Z\u00e4hnen bei jungen Tieren sowie das Immunsystem. Vitamin A ist daf\u00fcr verantwortlich, die Schleimh\u00e4ute der Fortpflanzungsorgane zu st\u00e4rken, sie gegen Infektionen und Mikroorganismen zu sch\u00fctzen.<\/p>\n<p><strong>Vitamin D<\/strong> ist daf\u00fcr bekannt, dass es die Aufnahme von Calcium verbessert und es ist besonders wichtig f\u00fcr die Entwicklung von Z\u00e4hnen und Knochen des F\u00f6tus.<\/p>\n<p><strong>Vitamin C<\/strong> unterst\u00fctzt die Absorption von Eisen und ist Grundlage f\u00fcr ein starkes Immunsystem von Muttertier und F\u00f6tus.<\/p>\n<p><strong>Zink<\/strong> ist wichtig f\u00fcr das Wachstum des F\u00f6tus, denn es unterst\u00fctzt die Zellteilung (wichtigster Prozess bei der Entwicklung von Gewebe und Organen des F\u00f6tus).<\/p>\n<p><strong>Eisen<\/strong> ist essentiell f\u00fcr die Bildung und Unterst\u00fctzung der roten Blutk\u00f6rperchen. Es ist schwierig genug Eisen \u00fcber die allt\u00e4gliche Nahrung zuzuf\u00fchren, um den Bedarf abzudecken. Bei Eisenmangel entzieht der F\u00f6tus dem Muttertier die ben\u00f6tigte Eisenmenge, was h\u00e4ufig zu An\u00e4mie und Ersch\u00f6pfung des Muttertiers f\u00fchrt. Ein Eisenpr\u00e4parat schafft hier Abhilfe.<\/p>\n<p><strong>Omega 3-Fetts\u00e4uren <\/strong>sind f\u00fcr die Entwicklung von Gehirn und Nervensystems beim F\u00f6tus essentiell. Bei ausgewachsenen weiblichen Tieren verhindern diese Fetts\u00e4uren Entz\u00fcndungen der Schleimh\u00e4ute und sie haben eine positive Wirkung auf die Hormonbildung.[\/et_pb_text][\/et_pb_column][\/et_pb_row][\/et_pb_section]<\/p>\n","protected":false},"excerpt":{"rendered":"<p>&nbsp; &nbsp; &nbsp; &nbsp; &nbsp;&nbsp; &nbsp; &nbsp; &nbsp;&nbsp; &nbsp; &nbsp; &nbsp;REPROVET female REPROVET female \u2013 Nahrungserg\u00e4nzung f\u00fcr Hunde und Katzen \u2013 mit\u00a0Marrubium Vulgare \u2013 als Erg\u00e4nzung bei der Ern\u00e4hrung von weiblichen Hunden und Katzen bei intensiver Z\u00fcchtung Bestandteile: Rohfaser 26,52%, Rohasche 12,19%, Rohprotein\u00a08,37%, Roh\u00f6le und -fette\u00a01,86% Zusammensetzung: Bierhefe, Cellulosepuder, Siliciumdioxid, Magnesiumstearat, \u00a0Marrubium vulgare 300 000 [&hellip;]<\/p>\n","protected":false},"author":8,"featured_media":0,"parent":0,"menu_order":0,"comment_status":"closed","ping_status":"closed","template":"","meta":{"_et_pb_use_builder":"on","_et_pb_old_content":"","_et_gb_content_width":"","inline_featured_image":false,"footnotes":""},"class_list":["post-2335","page","type-page","status-publish","hentry"],"_links":{"self":[{"href":"https:\/\/drvetgroup.com\/de\/wp-json\/wp\/v2\/pages\/2335","targetHints":{"allow":["GET"]}}],"collection":[{"href":"https:\/\/drvetgroup.com\/de\/wp-json\/wp\/v2\/pages"}],"about":[{"href":"https:\/\/drvetgroup.com\/de\/wp-json\/wp\/v2\/types\/page"}],"author":[{"embeddable":true,"href":"https:\/\/drvetgroup.com\/de\/wp-json\/wp\/v2\/users\/8"}],"replies":[{"embeddable":true,"href":"https:\/\/drvetgroup.com\/de\/wp-json\/wp\/v2\/comments?post=2335"}],"version-history":[{"count":0,"href":"https:\/\/drvetgroup.com\/de\/wp-json\/wp\/v2\/pages\/2335\/revisions"}],"wp:attachment":[{"href":"https:\/\/drvetgroup.com\/de\/wp-json\/wp\/v2\/media?parent=2335"}],"curies":[{"name":"wp","href":"https:\/\/api.w.org\/{rel}","templated":true}]}}