{"id":1761,"date":"2021-07-15T08:23:35","date_gmt":"2021-07-15T08:23:35","guid":{"rendered":"https:\/\/drvetgroup.com\/?page_id=1761"},"modified":"2023-09-25T09:02:48","modified_gmt":"2023-09-25T09:02:48","slug":"multivet","status":"publish","type":"page","link":"https:\/\/drvetgroup.com\/de\/multivet\/","title":{"rendered":"Multivet"},"content":{"rendered":"<p>[et_pb_section fb_built=&#8220;1&#8243; fullwidth=&#8220;on&#8220; admin_label=&#8220;section&#8220; _builder_version=&#8220;4.16&#8243; global_colors_info=&#8220;{}&#8220;][et_pb_fullwidth_slider admin_label=&#8220;Kliza\u010d pune \u0161irine&#8220; _builder_version=&#8220;4.22.1&#8243; height=&#8220;500px&#8220; height_tablet=&#8220;&#8220; height_phone=&#8220;235px&#8220; height_last_edited=&#8220;on|phone&#8220; custom_padding=&#8220;|||&#8220; custom_padding_tablet=&#8220;|||&#8220; custom_padding_phone=&#8220;|||&#8220; auto=&#8220;on&#8220; auto_speed=&#8220;6000&#8243; hover_enabled=&#8220;0&#8243; box_shadow_style=&#8220;preset6&#8243; box_shadow_blur=&#8220;10px&#8220; box_shadow_color=&#8220;rgba(0,0,0,0.1)&#8220; remove_inner_shadow=&#8220;off&#8220; hide_content_on_mobile=&#8220;off&#8220; hide_cta_on_mobile=&#8220;off&#8220; show_inner_shadow=&#8220;on&#8220; button_letter_spacing_hover=&#8220;0&#8243; global_colors_info=&#8220;{}&#8220; button_text_size__hover_enabled=&#8220;off&#8220; button_one_text_size__hover_enabled=&#8220;off&#8220; button_two_text_size__hover_enabled=&#8220;off&#8220; button_text_color__hover_enabled=&#8220;off&#8220; button_one_text_color__hover_enabled=&#8220;off&#8220; button_two_text_color__hover_enabled=&#8220;off&#8220; button_border_width__hover_enabled=&#8220;off&#8220; button_one_border_width__hover_enabled=&#8220;off&#8220; button_two_border_width__hover_enabled=&#8220;off&#8220; button_border_color__hover_enabled=&#8220;off&#8220; button_one_border_color__hover_enabled=&#8220;off&#8220; button_two_border_color__hover_enabled=&#8220;off&#8220; button_border_radius__hover_enabled=&#8220;off&#8220; button_one_border_radius__hover_enabled=&#8220;off&#8220; button_two_border_radius__hover_enabled=&#8220;off&#8220; button_letter_spacing__hover_enabled=&#8220;on&#8220; button_letter_spacing__hover=&#8220;0&#8243; button_one_letter_spacing__hover_enabled=&#8220;off&#8220; button_two_letter_spacing__hover_enabled=&#8220;off&#8220; button_bg_color__hover_enabled=&#8220;off&#8220; button_one_bg_color__hover_enabled=&#8220;off&#8220; button_two_bg_color__hover_enabled=&#8220;off&#8220; sticky_enabled=&#8220;0&#8243;][et_pb_slide use_bg_overlay=&#8220;off&#8220; use_text_overlay=&#8220;off&#8220; _builder_version=&#8220;4.16&#8243; header_font=&#8220;||||&#8220; body_font=&#8220;||||&#8220; background_enable_color=&#8220;off&#8220; background_image=&#8220;https:\/\/drvetgroup.com\/wp-content\/uploads\/2021\/07\/DrVet-slider-1920-800-x500-Multivet-pakovanje-1.jpg&#8220; background_enable_image=&#8220;on&#8220; button_icon_placement=&#8220;right&#8220; button_on_hover=&#8220;on&#8220; global_colors_info=&#8220;{}&#8220; button_text_size__hover_enabled=&#8220;off&#8220; button_one_text_size__hover_enabled=&#8220;off&#8220; button_two_text_size__hover_enabled=&#8220;off&#8220; button_text_color__hover_enabled=&#8220;off&#8220; button_one_text_color__hover_enabled=&#8220;off&#8220; button_two_text_color__hover_enabled=&#8220;off&#8220; button_border_width__hover_enabled=&#8220;off&#8220; button_one_border_width__hover_enabled=&#8220;off&#8220; button_two_border_width__hover_enabled=&#8220;off&#8220; button_border_color__hover_enabled=&#8220;off&#8220; button_one_border_color__hover_enabled=&#8220;off&#8220; button_two_border_color__hover_enabled=&#8220;off&#8220; button_border_radius__hover_enabled=&#8220;off&#8220; button_one_border_radius__hover_enabled=&#8220;off&#8220; button_two_border_radius__hover_enabled=&#8220;off&#8220; button_letter_spacing__hover_enabled=&#8220;off&#8220; button_one_letter_spacing__hover_enabled=&#8220;off&#8220; button_two_letter_spacing__hover_enabled=&#8220;off&#8220; button_bg_color__hover_enabled=&#8220;off&#8220; button_one_bg_color__hover_enabled=&#8220;off&#8220; button_two_bg_color__hover_enabled=&#8220;off&#8220; sticky_transition=&#8220;on&#8220;][\/et_pb_slide][et_pb_slide use_bg_overlay=&#8220;off&#8220; use_text_overlay=&#8220;off&#8220; _builder_version=&#8220;4.22.1&#8243; header_font=&#8220;||||&#8220; body_font=&#8220;||||&#8220; background_enable_color=&#8220;off&#8220; background_image=&#8220;https:\/\/drvetgroup.com\/wp-content\/uploads\/2023\/09\/DrVet-slider-1920-800-x500-Multivet-sastav-1.jpg&#8220; background_enable_image=&#8220;on&#8220; button_icon_placement=&#8220;right&#8220; button_on_hover=&#8220;on&#8220; hover_enabled=&#8220;0&#8243; global_colors_info=&#8220;{}&#8220; button_text_size__hover_enabled=&#8220;off&#8220; button_one_text_size__hover_enabled=&#8220;off&#8220; button_two_text_size__hover_enabled=&#8220;off&#8220; button_text_color__hover_enabled=&#8220;off&#8220; button_one_text_color__hover_enabled=&#8220;off&#8220; button_two_text_color__hover_enabled=&#8220;off&#8220; button_border_width__hover_enabled=&#8220;off&#8220; button_one_border_width__hover_enabled=&#8220;off&#8220; button_two_border_width__hover_enabled=&#8220;off&#8220; button_border_color__hover_enabled=&#8220;off&#8220; button_one_border_color__hover_enabled=&#8220;off&#8220; button_two_border_color__hover_enabled=&#8220;off&#8220; button_border_radius__hover_enabled=&#8220;off&#8220; button_one_border_radius__hover_enabled=&#8220;off&#8220; button_two_border_radius__hover_enabled=&#8220;off&#8220; button_letter_spacing__hover_enabled=&#8220;off&#8220; button_one_letter_spacing__hover_enabled=&#8220;off&#8220; button_two_letter_spacing__hover_enabled=&#8220;off&#8220; button_bg_color__hover_enabled=&#8220;off&#8220; button_one_bg_color__hover_enabled=&#8220;off&#8220; button_two_bg_color__hover_enabled=&#8220;off&#8220; sticky_transition=&#8220;on&#8220; title_text=&#8220;DrVet slider 1920-800-x500 Multivet sastav&#8220; sticky_enabled=&#8220;0&#8243;][\/et_pb_slide][et_pb_slide use_bg_overlay=&#8220;off&#8220; use_text_overlay=&#8220;off&#8220; _builder_version=&#8220;4.16&#8243; header_font=&#8220;||||&#8220; body_font=&#8220;||||&#8220; background_enable_color=&#8220;off&#8220; background_image=&#8220;https:\/\/drvetgroup.com\/wp-content\/uploads\/2021\/07\/dog.png&#8220; button_icon_placement=&#8220;right&#8220; button_on_hover=&#8220;on&#8220; global_colors_info=&#8220;{}&#8220; button_text_size__hover_enabled=&#8220;off&#8220; button_one_text_size__hover_enabled=&#8220;off&#8220; button_two_text_size__hover_enabled=&#8220;off&#8220; button_text_color__hover_enabled=&#8220;off&#8220; button_one_text_color__hover_enabled=&#8220;off&#8220; button_two_text_color__hover_enabled=&#8220;off&#8220; button_border_width__hover_enabled=&#8220;off&#8220; button_one_border_width__hover_enabled=&#8220;off&#8220; button_two_border_width__hover_enabled=&#8220;off&#8220; button_border_color__hover_enabled=&#8220;off&#8220; button_one_border_color__hover_enabled=&#8220;off&#8220; button_two_border_color__hover_enabled=&#8220;off&#8220; button_border_radius__hover_enabled=&#8220;off&#8220; button_one_border_radius__hover_enabled=&#8220;off&#8220; button_two_border_radius__hover_enabled=&#8220;off&#8220; button_letter_spacing__hover_enabled=&#8220;off&#8220; button_one_letter_spacing__hover_enabled=&#8220;off&#8220; button_two_letter_spacing__hover_enabled=&#8220;off&#8220; button_bg_color__hover_enabled=&#8220;off&#8220; button_one_bg_color__hover_enabled=&#8220;off&#8220; button_two_bg_color__hover_enabled=&#8220;off&#8220; sticky_transition=&#8220;on&#8220;]&nbsp;<\/p>\n<p>&nbsp;<\/p>\n<p>&nbsp;<\/p>\n<p>&nbsp;<\/p>\n<p>&nbsp;<\/p>\n<p>&nbsp;[\/et_pb_slide][\/et_pb_fullwidth_slider][\/et_pb_section][et_pb_section fb_built=&#8220;1&#8243; custom_padding_last_edited=&#8220;off|desktop&#8220; admin_label=&#8220;section&#8220; module_id=&#8220;layouts&#8220; _builder_version=&#8220;4.16&#8243; background_color=&#8220;#ffffff&#8220; custom_padding=&#8220;5px||||false|false&#8220; custom_padding_tablet=&#8220;50px|0|50px|0&#8243; transparent_background=&#8220;off&#8220; make_fullwidth=&#8220;off&#8220; use_custom_width=&#8220;off&#8220; width_unit=&#8220;on&#8220; global_colors_info=&#8220;{}&#8220;][et_pb_row padding_mobile=&#8220;off&#8220; admin_label=&#8220;row&#8220; _builder_version=&#8220;4.16&#8243; parallax=&#8220;on&#8220; parallax_method=&#8220;off&#8220; make_fullwidth=&#8220;off&#8220; use_custom_width=&#8220;off&#8220; width_unit=&#8220;on&#8220; global_colors_info=&#8220;{}&#8220;][et_pb_column type=&#8220;4_4&#8243; _builder_version=&#8220;4.16&#8243; custom_padding=&#8220;|||&#8220; global_colors_info=&#8220;{}&#8220; custom_padding__hover=&#8220;|||&#8220;][et_pb_text admin_label=&#8220;Tekst&#8220; _builder_version=&#8220;4.16&#8243; background_size=&#8220;initial&#8220; background_position=&#8220;top_left&#8220; background_repeat=&#8220;repeat&#8220; use_border_color=&#8220;off&#8220; border_color=&#8220;#ffffff&#8220; border_style=&#8220;solid&#8220; global_colors_info=&#8220;{}&#8220;]<\/p>\n<h2><strong>MULTIVET<\/strong><\/h2>\n<p><strong>Nahrungserg\u00e4nzung f\u00fcr Hunde und Katzen \u2013 mit Aminos\u00e4uren und Fetts\u00e4uren<\/strong><\/p>\n<p><strong>Bestandteile<\/strong>: Rohasche 39 %, Rohfaser 26 %, Rohprotein 7,65%, Calcium 6 %, Phosphor 3 %,Roh\u00f6le und \u2013fette 1,35 %<\/p>\n<p><strong>Zusammensetzung<\/strong>: Bierhefe, Cellulosepulver, Calciumcarbonat, Monocalciumphosphat, Kieselerde, Magnesiumstearat, Magnesiumoxid.<\/p>\n<p><strong>Zusatzstoffe (pro kg):<br \/>\n<\/strong><strong>N\u00e4hrstoffgehalt: <\/strong><strong>Vitamine:<\/strong> A E672 1.000.000 IU, D3 E671 40.000 IU, C 5000 mg, E 3a700 (RRR Alpha-Tocopherol) 4000 mg, B3 (Niacin) 2500 mg, B5 1000 mg, B2 800 mg, B6 400 mg, B1 300 mg, K3 200 mg,\u00a0 Fols\u00e4ure 200 mg, H (Biotin) 20 mg, B12 1mg<br \/>\n<strong>Spurenelemente:<\/strong> Eisen (Eisen II-Sulfat-Monohydrat) E1 3000 mg, Zink (Zinksulfat-Monohydrat) E6 2700 mg, Mangan (Mangansulfat-Monohydrat) E5 2000 mg, Kupferchelat von Aminos\u00e4urenhydrat E4 200 mg, Jod (Calciumiodat, anhydrisch) E2 35 mg,\u00a0 Selen (Natriumselenit) E8 5 mg<br \/>\n<strong>Aminos\u00e4uren<\/strong>: 3a730 Taurin 20 000 mg<br \/>\n<strong>Fetts\u00e4uren<\/strong>: Omega 3-Fetts\u00e4uren DHA (getrocknete Algen-Schizochytrium Limacinum) 2000 mg.<\/p>\n<p><strong>Gebrauchsanweisung:<\/strong> Geben Sie Katzen \u00bd Tablette am Tag und Hunden t\u00e4glich 1 ganze Tablette pro 10 kg K\u00f6rpergewicht. Tagesh\u00f6chstdosis: f\u00fcr Katzen 1 Tablette, f\u00fcr Hunde 2 Tabletten pro 10 kg K\u00f6rpergewicht.<\/p>\n<p>Zu <strong>beachten:<\/strong> Da dieses Produkt im Vergleich zu anderen Alleinfuttermitteln eine h\u00f6here Menge an Zusatzstoffen enth\u00e4lt (z. B. Vitamin D), kann es bis zu 5% der Tagesration des Gesamtfutters ausmachen.[\/et_pb_text][\/et_pb_column][\/et_pb_row][et_pb_row admin_label=&#8220;row&#8220; _builder_version=&#8220;4.16&#8243; background_size=&#8220;initial&#8220; background_position=&#8220;top_left&#8220; background_repeat=&#8220;repeat&#8220; custom_padding=&#8220;||0px||false|false&#8220; global_colors_info=&#8220;{}&#8220;][et_pb_column type=&#8220;4_4&#8243; _builder_version=&#8220;4.16&#8243; custom_padding=&#8220;|||&#8220; global_colors_info=&#8220;{}&#8220; custom_padding__hover=&#8220;|||&#8220;][et_pb_divider color=&#8220;#9e9e9e&#8220; disabled_on=&#8220;on|on|off&#8220; admin_label=&#8220;Divider&#8220; _builder_version=&#8220;4.16&#8243; hide_on_mobile=&#8220;on&#8220; global_colors_info=&#8220;{}&#8220;]&nbsp;[\/et_pb_divider][\/et_pb_column][\/et_pb_row][et_pb_row column_structure=&#8220;1_4,1_4,1_4,1_4&#8243; _builder_version=&#8220;4.16&#8243; _module_preset=&#8220;default&#8220; custom_padding=&#8220;0px||||false|false&#8220; global_colors_info=&#8220;{}&#8220;][et_pb_column type=&#8220;1_4&#8243; _builder_version=&#8220;4.16&#8243; _module_preset=&#8220;default&#8220; global_colors_info=&#8220;{}&#8220;][et_pb_image src=&#8220;https:\/\/drvetgroup.com\/wp-content\/uploads\/2021\/10\/DrVet-DE-Vorteile-von_Multivet-1.svg&#8220; title_text=&#8220;DrVet DE Vorteile von_Multivet 1&#8243; align_tablet=&#8220;center&#8220; align_phone=&#8220;&#8220; align_last_edited=&#8220;on|desktop&#8220; admin_label=&#8220;Slika&#8220; _builder_version=&#8220;4.16&#8243; animation_style=&#8220;slide&#8220; animation_direction=&#8220;left&#8220; animation_duration=&#8220;500ms&#8220; animation_intensity_slide=&#8220;10%&#8220; use_border_color=&#8220;off&#8220; border_color=&#8220;#ffffff&#8220; border_style=&#8220;solid&#8220; animation=&#8220;left&#8220; sticky=&#8220;off&#8220; always_center_on_mobile=&#8220;on&#8220; global_colors_info=&#8220;{}&#8220;]&nbsp;[\/et_pb_image][\/et_pb_column][et_pb_column type=&#8220;1_4&#8243; _builder_version=&#8220;4.16&#8243; _module_preset=&#8220;default&#8220; global_colors_info=&#8220;{}&#8220;][et_pb_image src=&#8220;https:\/\/drvetgroup.com\/wp-content\/uploads\/2021\/10\/DrVet-DE-Vorteile-von_Multivet-2.svg&#8220; title_text=&#8220;DrVet DE Vorteile von_Multivet 2&#8243; align_tablet=&#8220;center&#8220; align_phone=&#8220;&#8220; align_last_edited=&#8220;on|desktop&#8220; admin_label=&#8220;Slika&#8220; _builder_version=&#8220;4.16&#8243; animation_style=&#8220;slide&#8220; animation_direction=&#8220;left&#8220; animation_duration=&#8220;500ms&#8220; animation_intensity_slide=&#8220;10%&#8220; use_border_color=&#8220;off&#8220; border_color=&#8220;#ffffff&#8220; border_style=&#8220;solid&#8220; animation=&#8220;left&#8220; sticky=&#8220;off&#8220; always_center_on_mobile=&#8220;on&#8220; global_colors_info=&#8220;{}&#8220;]&nbsp;[\/et_pb_image][\/et_pb_column][et_pb_column type=&#8220;1_4&#8243; _builder_version=&#8220;4.16&#8243; _module_preset=&#8220;default&#8220; global_colors_info=&#8220;{}&#8220;][et_pb_image src=&#8220;https:\/\/drvetgroup.com\/wp-content\/uploads\/2021\/10\/DrVet-DE-Vorteile-von_Multivet-3.svg&#8220; title_text=&#8220;DrVet DE Vorteile von_Multivet 3&#8243; align_tablet=&#8220;center&#8220; align_phone=&#8220;&#8220; align_last_edited=&#8220;on|desktop&#8220; admin_label=&#8220;Slika&#8220; _builder_version=&#8220;4.16&#8243; animation_style=&#8220;slide&#8220; animation_direction=&#8220;left&#8220; animation_duration=&#8220;500ms&#8220; animation_intensity_slide=&#8220;10%&#8220; use_border_color=&#8220;off&#8220; border_color=&#8220;#ffffff&#8220; border_style=&#8220;solid&#8220; animation=&#8220;left&#8220; sticky=&#8220;off&#8220; always_center_on_mobile=&#8220;on&#8220; global_colors_info=&#8220;{}&#8220;]&nbsp;[\/et_pb_image][\/et_pb_column][et_pb_column type=&#8220;1_4&#8243; _builder_version=&#8220;4.16&#8243; _module_preset=&#8220;default&#8220; global_colors_info=&#8220;{}&#8220;][et_pb_image src=&#8220;https:\/\/drvetgroup.com\/wp-content\/uploads\/2021\/10\/DrVet-DE-Vorteile-von_Multivet-4.svg&#8220; title_text=&#8220;DrVet DE Vorteile von_Multivet 4&#8243; align_tablet=&#8220;center&#8220; align_phone=&#8220;&#8220; align_last_edited=&#8220;on|desktop&#8220; admin_label=&#8220;Slika&#8220; _builder_version=&#8220;4.16&#8243; animation_style=&#8220;slide&#8220; animation_direction=&#8220;left&#8220; animation_duration=&#8220;500ms&#8220; animation_intensity_slide=&#8220;10%&#8220; use_border_color=&#8220;off&#8220; border_color=&#8220;#ffffff&#8220; border_style=&#8220;solid&#8220; animation=&#8220;left&#8220; sticky=&#8220;off&#8220; always_center_on_mobile=&#8220;on&#8220; global_colors_info=&#8220;{}&#8220;]&nbsp;[\/et_pb_image][\/et_pb_column][\/et_pb_row][et_pb_row padding_mobile=&#8220;off&#8220; admin_label=&#8220;row&#8220; _builder_version=&#8220;4.16&#8243; background_size=&#8220;initial&#8220; background_position=&#8220;top_left&#8220; background_repeat=&#8220;repeat&#8220; make_fullwidth=&#8220;off&#8220; use_custom_width=&#8220;off&#8220; width_unit=&#8220;on&#8220; global_colors_info=&#8220;{}&#8220;][et_pb_column type=&#8220;4_4&#8243; _builder_version=&#8220;4.16&#8243; custom_padding=&#8220;|||&#8220; global_colors_info=&#8220;{}&#8220; custom_padding__hover=&#8220;|||&#8220;][et_pb_text admin_label=&#8220;Tekst&#8220; _builder_version=&#8220;4.16&#8243; text_font_size=&#8220;15&#8243; text_line_height=&#8220;1.9em&#8220; background_size=&#8220;initial&#8220; background_position=&#8220;top_left&#8220; background_repeat=&#8220;repeat&#8220; use_border_color=&#8220;off&#8220; border_color=&#8220;#000000&#8243; border_style=&#8220;solid&#8220; global_colors_info=&#8220;{}&#8220;]<\/p>\n<h1><strong>MULTIVET<\/strong><\/h1>\n<p>Hunde und Katzen sind t\u00e4glich physischen Anstrengungen und Aktivit\u00e4ten ausgesetzt. Sehr h\u00e4ufig bietet das Futter zur Ern\u00e4hrung unserer Haustiere keine ausreichende Versorgung und der Organismus weist M\u00e4ngel bei gewissen Vitaminen und Mineralien auf. Deshalb sollten Hunde- und Katzenbesitzer dieses Produkt als Quelle f\u00fcr Mikro- und Makro-Elemente f\u00fcr ihre Haustiere nutzen. Unsere Erfahrung bei der professionellen Zucht und Schau inspirierte uns zu der Entwicklung dieses Produkts, um die Bed\u00fcrfnisse der Tiere abzudecken, die physischer Anstrengung ausgesetzt sind oder die f\u00fcr Schauen und Pr\u00e4sentationen vorbereitet werden. Die Dosierung der Vitamine und Mineralien wurde optimiert und versorgt auch das anspruchsvollste Tier, ob Hund oder Katze.<\/p>\n<p>Die Minerale sind organischen (chelatbildenden) Ursprungs, also die am leichtesten aufzunehmende Form f\u00fcr den Organismus. Omega 3-Fetts\u00e4uren unterst\u00fctzen die positive Wirkung von <strong>MULTIVET<\/strong> auf verschiedene Organe und Stoffwechselprozesse im K\u00f6rper. Wegen ihrer entscheidenden Funktion sind Omega 3-Fetts\u00e4uren wichtig bei der Ern\u00e4hrung von Hunden f\u00fcr Wettbewerbe, \u00e4lteren Hunden und Katzen, bei Tieren, die unter chronischen Entz\u00fcndungen leiden (Arthrose, chronische Nierendysfunktion, Hautkrankheiten). Omega 3-Fetts\u00e4uren spielen eine wichtige Rolle f\u00fcr ein normales Wachstum und die Entwicklung von jungen Tieren, denn sie reduzieren die Faktoren, die zu Herzproblemen oder Arthrose f\u00fchren k\u00f6nnen.<\/p>\n<p><strong>Taurin<\/strong> ist eine wichtige Aminos\u00e4ure bei der Ern\u00e4hrung von Katzen. Haupts\u00e4chlich sind Aminos\u00e4uren f\u00fcr eine optimale Leistungsf\u00e4higkeit bei der Fortpflanzung und f\u00fcr die Sehf\u00e4higkeit verantwortlich. Ern\u00e4hrungsm\u00e4ngel machen sich schnell durch Zahnf\u00e4ule, St\u00f6rungen bei der Fortpflanzung, Herz-Kreislauf-Probleme und Probleme bei der Sehf\u00e4higkeit bemerkbar. Der Inhaltsstoff Taurin in unserem Produkt <strong>MULTIVET<\/strong> sorgt f\u00fcr den t\u00e4glichen Bedarf unserer Tiere an Aminos\u00e4uren.<\/p>\n<p>In der Jagdzeit bekommen Sport- und Jagdhunde h\u00e4ufig nicht die notwendige Menge an Vitaminen und Mineralien und ihr Gesundheitszustand verschlechtert sich mit der Zeit. Erwachsene Hunde k\u00f6nnen eine doppelte Dosis von <strong>MULTIVET<\/strong> pro Tag in der Jagdsaison erhalten, um gesundheitlichen Problemen vorzubeugen.<\/p>\n<p><strong>MULTIVET<\/strong> ist ein ausgezeichnetes Mittel bei der Ern\u00e4hrung von Hunden, die unter Stress stehen, lange reisen m\u00fcssen oder bei einem Umgebungswechsel des Hundes. In solchen Situationen l\u00e4sst der Appetit eines Hundes h\u00e4ufig nach, wodurch die Vorr\u00e4te an Vitaminen und Mineralien im K\u00f6rper des Hundes abnehmen. Die Anzahl der Inhaltsstoffe und auch ihre Qualit\u00e4t machen deutlich, dass es sich hierbei um ein Qualit\u00e4tsprodukt handelt, das zur F\u00fctterung von Hunden und Katzen bestimmt ist. In der Praxis hat sich gezeigt, dass dieses Produkt bereits in der Anfangsphase seines Einsetzens eine positive Wirkung erzielt.<\/p>\n<p>Unsere Erfahrung als Top-Z\u00fcchter, Tier\u00e4rzte und Ern\u00e4hrungsspezialisten f\u00fcr Tiernahrung und auch die Unterst\u00fctzung, die wir von den Professoren und Kollegen des Instituts f\u00fcr Ern\u00e4hrung der Fakult\u00e4t f\u00fcr Veterin\u00e4rmedizin in Belgrad erhalten, garantieren, dass unsere Produkte das gew\u00fcnschte Resultat auch erzielen.[\/et_pb_text][\/et_pb_column][\/et_pb_row][\/et_pb_section]<\/p>\n","protected":false},"excerpt":{"rendered":"<p>&nbsp; &nbsp; &nbsp; &nbsp; &nbsp; &nbsp;MULTIVET Nahrungserg\u00e4nzung f\u00fcr Hunde und Katzen \u2013 mit Aminos\u00e4uren und Fetts\u00e4uren Bestandteile: Rohasche 39 %, Rohfaser 26 %, Rohprotein 7,65%, Calcium 6 %, Phosphor 3 %,Roh\u00f6le und \u2013fette 1,35 % Zusammensetzung: Bierhefe, Cellulosepulver, Calciumcarbonat, Monocalciumphosphat, Kieselerde, Magnesiumstearat, Magnesiumoxid. Zusatzstoffe (pro kg): N\u00e4hrstoffgehalt: Vitamine: A E672 1.000.000 IU, D3 E671 40.000 [&hellip;]<\/p>\n","protected":false},"author":8,"featured_media":0,"parent":0,"menu_order":0,"comment_status":"closed","ping_status":"closed","template":"","meta":{"_et_pb_use_builder":"on","_et_pb_old_content":"","_et_gb_content_width":"","inline_featured_image":false,"footnotes":""},"class_list":["post-1761","page","type-page","status-publish","hentry"],"_links":{"self":[{"href":"https:\/\/drvetgroup.com\/de\/wp-json\/wp\/v2\/pages\/1761","targetHints":{"allow":["GET"]}}],"collection":[{"href":"https:\/\/drvetgroup.com\/de\/wp-json\/wp\/v2\/pages"}],"about":[{"href":"https:\/\/drvetgroup.com\/de\/wp-json\/wp\/v2\/types\/page"}],"author":[{"embeddable":true,"href":"https:\/\/drvetgroup.com\/de\/wp-json\/wp\/v2\/users\/8"}],"replies":[{"embeddable":true,"href":"https:\/\/drvetgroup.com\/de\/wp-json\/wp\/v2\/comments?post=1761"}],"version-history":[{"count":1,"href":"https:\/\/drvetgroup.com\/de\/wp-json\/wp\/v2\/pages\/1761\/revisions"}],"predecessor-version":[{"id":6543,"href":"https:\/\/drvetgroup.com\/de\/wp-json\/wp\/v2\/pages\/1761\/revisions\/6543"}],"wp:attachment":[{"href":"https:\/\/drvetgroup.com\/de\/wp-json\/wp\/v2\/media?parent=1761"}],"curies":[{"name":"wp","href":"https:\/\/api.w.org\/{rel}","templated":true}]}}