{"id":1639,"date":"2021-07-15T08:02:43","date_gmt":"2021-07-15T08:02:43","guid":{"rendered":"https:\/\/drvetgroup.com\/?page_id=1639"},"modified":"2021-07-22T10:11:11","modified_gmt":"2021-07-22T10:11:11","slug":"kalcivet","status":"publish","type":"page","link":"https:\/\/drvetgroup.com\/de\/kalcivet\/","title":{"rendered":"Kalcivet"},"content":{"rendered":"<p>[et_pb_section fb_built=&#8220;1&#8243; fullwidth=&#8220;on&#8220; admin_label=&#8220;section&#8220; _builder_version=&#8220;3.22&#8243;][et_pb_fullwidth_slider admin_label=&#8220;Kliza\u010d pune \u0161irine&#8220; _builder_version=&#8220;4.9.7&#8243; height=&#8220;500px&#8220; custom_padding=&#8220;|||&#8220; custom_padding_tablet=&#8220;|||&#8220; custom_padding_phone=&#8220;|||&#8220; auto=&#8220;on&#8220; auto_speed=&#8220;5000&#8243; hover_enabled=&#8220;0&#8243; box_shadow_style=&#8220;preset6&#8243; box_shadow_blur=&#8220;10px&#8220; box_shadow_color=&#8220;rgba(0,0,0,0.1)&#8220; remove_inner_shadow=&#8220;off&#8220; hide_content_on_mobile=&#8220;off&#8220; hide_cta_on_mobile=&#8220;off&#8220; show_inner_shadow=&#8220;on&#8220; button_letter_spacing_hover=&#8220;0&#8243; button_text_size__hover_enabled=&#8220;off&#8220; button_one_text_size__hover_enabled=&#8220;off&#8220; button_two_text_size__hover_enabled=&#8220;off&#8220; button_text_color__hover_enabled=&#8220;off&#8220; button_one_text_color__hover_enabled=&#8220;off&#8220; button_two_text_color__hover_enabled=&#8220;off&#8220; button_border_width__hover_enabled=&#8220;off&#8220; button_one_border_width__hover_enabled=&#8220;off&#8220; button_two_border_width__hover_enabled=&#8220;off&#8220; button_border_color__hover_enabled=&#8220;off&#8220; button_one_border_color__hover_enabled=&#8220;off&#8220; button_two_border_color__hover_enabled=&#8220;off&#8220; button_border_radius__hover_enabled=&#8220;off&#8220; button_one_border_radius__hover_enabled=&#8220;off&#8220; button_two_border_radius__hover_enabled=&#8220;off&#8220; button_letter_spacing__hover_enabled=&#8220;on&#8220; button_letter_spacing__hover=&#8220;0&#8243; button_one_letter_spacing__hover_enabled=&#8220;off&#8220; button_two_letter_spacing__hover_enabled=&#8220;off&#8220; button_bg_color__hover_enabled=&#8220;off&#8220; button_one_bg_color__hover_enabled=&#8220;off&#8220; button_two_bg_color__hover_enabled=&#8220;off&#8220; height_last_edited=&#8220;on|phone&#8220; sticky_enabled=&#8220;0&#8243; height_phone=&#8220;235px&#8220;][et_pb_slide use_bg_overlay=&#8220;off&#8220; use_text_overlay=&#8220;off&#8220; _builder_version=&#8220;4.9.7&#8243; header_font=&#8220;||||&#8220; body_font=&#8220;||||&#8220; background_enable_color=&#8220;off&#8220; background_image=&#8220;https:\/\/drvetgroup.com\/wp-content\/uploads\/2021\/07\/DrVet-slider-1920-800-x500-Kalcivet-pakovanje.jpg&#8220; background_enable_image=&#8220;on&#8220; button_icon_placement=&#8220;right&#8220; button_on_hover=&#8220;on&#8220; button_text_size__hover_enabled=&#8220;off&#8220; button_one_text_size__hover_enabled=&#8220;off&#8220; button_two_text_size__hover_enabled=&#8220;off&#8220; button_text_color__hover_enabled=&#8220;off&#8220; button_one_text_color__hover_enabled=&#8220;off&#8220; button_two_text_color__hover_enabled=&#8220;off&#8220; button_border_width__hover_enabled=&#8220;off&#8220; button_one_border_width__hover_enabled=&#8220;off&#8220; button_two_border_width__hover_enabled=&#8220;off&#8220; button_border_color__hover_enabled=&#8220;off&#8220; button_one_border_color__hover_enabled=&#8220;off&#8220; button_two_border_color__hover_enabled=&#8220;off&#8220; button_border_radius__hover_enabled=&#8220;off&#8220; button_one_border_radius__hover_enabled=&#8220;off&#8220; button_two_border_radius__hover_enabled=&#8220;off&#8220; button_letter_spacing__hover_enabled=&#8220;off&#8220; button_one_letter_spacing__hover_enabled=&#8220;off&#8220; button_two_letter_spacing__hover_enabled=&#8220;off&#8220; button_bg_color__hover_enabled=&#8220;off&#8220; button_one_bg_color__hover_enabled=&#8220;off&#8220; button_two_bg_color__hover_enabled=&#8220;off&#8220; sticky_transition=&#8220;on&#8220;]<\/p>\n<p>&nbsp;<\/p>\n<p>&nbsp;<\/p>\n<p>&nbsp;<\/p>\n<p>&nbsp;<\/p>\n<p>&nbsp;<\/p>\n<p>&nbsp;<\/p>\n<p>[\/et_pb_slide][et_pb_slide use_bg_overlay=&#8220;off&#8220; use_text_overlay=&#8220;off&#8220; _builder_version=&#8220;4.9.7&#8243; header_font=&#8220;||||&#8220; body_font=&#8220;||||&#8220; background_enable_color=&#8220;off&#8220; background_image=&#8220;https:\/\/drvetgroup.com\/wp-content\/uploads\/2021\/07\/DrVet-slider-1920-800-x500-Kalcivet-sastav.jpg&#8220; background_enable_image=&#8220;on&#8220; button_icon_placement=&#8220;right&#8220; button_on_hover=&#8220;on&#8220; button_text_size__hover_enabled=&#8220;off&#8220; button_one_text_size__hover_enabled=&#8220;off&#8220; button_two_text_size__hover_enabled=&#8220;off&#8220; button_text_color__hover_enabled=&#8220;off&#8220; button_one_text_color__hover_enabled=&#8220;off&#8220; button_two_text_color__hover_enabled=&#8220;off&#8220; button_border_width__hover_enabled=&#8220;off&#8220; button_one_border_width__hover_enabled=&#8220;off&#8220; button_two_border_width__hover_enabled=&#8220;off&#8220; button_border_color__hover_enabled=&#8220;off&#8220; button_one_border_color__hover_enabled=&#8220;off&#8220; button_two_border_color__hover_enabled=&#8220;off&#8220; button_border_radius__hover_enabled=&#8220;off&#8220; button_one_border_radius__hover_enabled=&#8220;off&#8220; button_two_border_radius__hover_enabled=&#8220;off&#8220; button_letter_spacing__hover_enabled=&#8220;off&#8220; button_one_letter_spacing__hover_enabled=&#8220;off&#8220; button_two_letter_spacing__hover_enabled=&#8220;off&#8220; button_bg_color__hover_enabled=&#8220;off&#8220; button_one_bg_color__hover_enabled=&#8220;off&#8220; button_two_bg_color__hover_enabled=&#8220;off&#8220; sticky_transition=&#8220;on&#8220;] [\/et_pb_slide][et_pb_slide use_bg_overlay=&#8220;off&#8220; use_text_overlay=&#8220;off&#8220; _builder_version=&#8220;4.9.7&#8243; header_font=&#8220;||||&#8220; body_font=&#8220;||||&#8220; background_enable_color=&#8220;off&#8220; background_image=&#8220;https:\/\/drvetgroup.com\/wp-content\/uploads\/2021\/07\/DrVet-slider-1920-800-x500-Kalcivet-live-photo.jpg&#8220; background_enable_image=&#8220;on&#8220; button_icon_placement=&#8220;right&#8220; button_on_hover=&#8220;on&#8220; button_text_size__hover_enabled=&#8220;off&#8220; button_one_text_size__hover_enabled=&#8220;off&#8220; button_two_text_size__hover_enabled=&#8220;off&#8220; button_text_color__hover_enabled=&#8220;off&#8220; button_one_text_color__hover_enabled=&#8220;off&#8220; button_two_text_color__hover_enabled=&#8220;off&#8220; button_border_width__hover_enabled=&#8220;off&#8220; button_one_border_width__hover_enabled=&#8220;off&#8220; button_two_border_width__hover_enabled=&#8220;off&#8220; button_border_color__hover_enabled=&#8220;off&#8220; button_one_border_color__hover_enabled=&#8220;off&#8220; button_two_border_color__hover_enabled=&#8220;off&#8220; button_border_radius__hover_enabled=&#8220;off&#8220; button_one_border_radius__hover_enabled=&#8220;off&#8220; button_two_border_radius__hover_enabled=&#8220;off&#8220; button_letter_spacing__hover_enabled=&#8220;off&#8220; button_one_letter_spacing__hover_enabled=&#8220;off&#8220; button_two_letter_spacing__hover_enabled=&#8220;off&#8220; button_bg_color__hover_enabled=&#8220;off&#8220; button_one_bg_color__hover_enabled=&#8220;off&#8220; button_two_bg_color__hover_enabled=&#8220;off&#8220; sticky_transition=&#8220;on&#8220;]<\/p>\n<p>&nbsp;<\/p>\n<p>&nbsp;<\/p>\n<p>&nbsp;<\/p>\n<p>&nbsp;<\/p>\n<p>[\/et_pb_slide][et_pb_slide use_bg_overlay=&#8220;off&#8220; use_text_overlay=&#8220;off&#8220; _builder_version=&#8220;4.9.7&#8243; header_font=&#8220;||||&#8220; body_font=&#8220;||||&#8220; background_enable_color=&#8220;off&#8220; background_image=&#8220;https:\/\/drvetgroup.com\/wp-content\/uploads\/2021\/07\/kalcivetpasmacka.jpg&#8220; button_icon_placement=&#8220;right&#8220; button_on_hover=&#8220;on&#8220; button_text_size__hover_enabled=&#8220;off&#8220; button_one_text_size__hover_enabled=&#8220;off&#8220; button_two_text_size__hover_enabled=&#8220;off&#8220; button_text_color__hover_enabled=&#8220;off&#8220; button_one_text_color__hover_enabled=&#8220;off&#8220; button_two_text_color__hover_enabled=&#8220;off&#8220; button_border_width__hover_enabled=&#8220;off&#8220; button_one_border_width__hover_enabled=&#8220;off&#8220; button_two_border_width__hover_enabled=&#8220;off&#8220; button_border_color__hover_enabled=&#8220;off&#8220; button_one_border_color__hover_enabled=&#8220;off&#8220; button_two_border_color__hover_enabled=&#8220;off&#8220; button_border_radius__hover_enabled=&#8220;off&#8220; button_one_border_radius__hover_enabled=&#8220;off&#8220; button_two_border_radius__hover_enabled=&#8220;off&#8220; button_letter_spacing__hover_enabled=&#8220;off&#8220; button_one_letter_spacing__hover_enabled=&#8220;off&#8220; button_two_letter_spacing__hover_enabled=&#8220;off&#8220; button_bg_color__hover_enabled=&#8220;off&#8220; button_one_bg_color__hover_enabled=&#8220;off&#8220; button_two_bg_color__hover_enabled=&#8220;off&#8220; sticky_transition=&#8220;on&#8220;]&nbsp;<\/p>\n<p>&nbsp;<\/p>\n<p>&nbsp;<\/p>\n<p>&nbsp;<\/p>\n<p>&nbsp;[\/et_pb_slide][\/et_pb_fullwidth_slider][\/et_pb_section][et_pb_section fb_built=&#8220;1&#8243; custom_padding_last_edited=&#8220;on|phone&#8220; admin_label=&#8220;section&#8220; module_id=&#8220;layouts&#8220; _builder_version=&#8220;4.9.7&#8243; background_color=&#8220;#ffffff&#8220; custom_padding=&#8220;5px||||false|false&#8220; custom_padding_tablet=&#8220;5px||||false|false&#8220; custom_padding_phone=&#8220;&#8220; transparent_background=&#8220;off&#8220; make_fullwidth=&#8220;off&#8220; use_custom_width=&#8220;off&#8220; width_unit=&#8220;on&#8220;][et_pb_row admin_label=&#8220;row&#8220; _builder_version=&#8220;3.25&#8243; background_size=&#8220;initial&#8220; background_position=&#8220;top_left&#8220; background_repeat=&#8220;repeat&#8220;][et_pb_column type=&#8220;4_4&#8243; _builder_version=&#8220;3.25&#8243; custom_padding=&#8220;|||&#8220; custom_padding__hover=&#8220;|||&#8220;][et_pb_text admin_label=&#8220;Tekst&#8220; _builder_version=&#8220;4.9.7&#8243; text_text_color=&#8220;#666666&#8243; background_size=&#8220;initial&#8220; background_position=&#8220;top_left&#8220; background_repeat=&#8220;repeat&#8220; background_layout=&#8220;dark&#8220; use_border_color=&#8220;off&#8220; border_color=&#8220;#ffffff&#8220; border_style=&#8220;solid&#8220;]<\/p>\n<h2><span style=\"color: #333333;\"><strong>KALCIVET<\/strong><\/span><\/h2>\n<p><strong>mineralische Nahrungserg\u00e4nzung f\u00fcr Hunde und Katzen \u2013 mit Aminos\u00e4uren (Lysin, Methionin)<\/strong><\/p>\n<p><strong>Bestandteile:<\/strong> Calcium 18%, Phosphor 6%, Lysin 0,4%, Methionin 0,4%, Natrium 0,2%<\/p>\n<p><strong>Zusammensetzung: <\/strong>Bierhefe, Cellulosepulver, Calciumcarbonat, Monocalciumphosphat, Kieselerde, Magnesiumstearat, Magnesiumoxid<\/p>\n<p><strong>Zusatzstoffe (pro kg):<br \/><\/strong><strong>Vitamine:<\/strong> A E672 700.000 IU, D3 E671 40.000 IU, E 3a700 (RRR Alpha-Tocopherol) 3.000 mg, C 2000 mg, B3 (Niacin) 1.000 mg, B2 600 mg, , B5 500 mg, B1 300 mg, B6 200 mg, K3 150 mg, Fols\u00e4ure 100 mg, H (Biotin) 10 mg, B12 0.8mg.<br \/><strong>Spurenelemente: <\/strong>Zink (Zinksulfat-Monohydrat) E6 2.000 mg, Eisen (eisenhaltiges II-Sulfat-Monohydrat) E1 2.000 mg, Mangan (Mangansulphat-Monohydrat) E5 1500 mg, Kupferchelat aus Aminos\u00e4urenhydrat E4 100 mg, Jod (Calciumjodat, anhydrisch) E2 35 mg, Selen (Natriumselenit) E8 5 mg.<br \/><strong>Aminos\u00e4uren<\/strong>: Methionin 3c301 (DL-Methionin) 4000 mg, Lysin 3c323 (L-Lysinmonohydrochlorid 4000 mg.<br \/><strong><strong><br \/><strong>Gebrauchsanweisung:<\/strong><\/strong><\/strong> Geben Sie Katzen \u00bd Tablette am Tag und Hunden t\u00e4glich 1 ganze Tablette pro 10 kg K\u00f6rpergewicht.<strong><strong> Tagesh\u00f6chstdosis: <\/strong><\/strong>f\u00fcr Katzen 1 Tablette, f\u00fcr Hunde 2 Tabletten pro 10 kg K\u00f6rpergewicht. Zu beachten: Da dieses Produkt im Vergleich zu anderen Alleinfuttermitteln eine h\u00f6here Menge an Zusatzstoffen enth\u00e4lt (z. B. Vitamin D), kann es bis zu 5% der Tagesration des Gesamtfutters ausmachen.<\/p>\n<p>[\/et_pb_text][\/et_pb_column][\/et_pb_row][et_pb_row admin_label=&#8220;row&#8220; _builder_version=&#8220;4.9.7&#8243; background_size=&#8220;initial&#8220; background_position=&#8220;top_left&#8220; background_repeat=&#8220;repeat&#8220; custom_padding=&#8220;||0px||false|false&#8220;][et_pb_column type=&#8220;4_4&#8243; _builder_version=&#8220;3.25&#8243; custom_padding=&#8220;|||&#8220; custom_padding__hover=&#8220;|||&#8220;][et_pb_divider color=&#8220;#9e9e9e&#8220; disabled_on=&#8220;on|on|off&#8220; admin_label=&#8220;Divider&#8220; _builder_version=&#8220;3.2&#8243; hide_on_mobile=&#8220;on&#8220;]&nbsp;[\/et_pb_divider][\/et_pb_column][\/et_pb_row][et_pb_row column_structure=&#8220;1_4,1_4,1_4,1_4&#8243; _builder_version=&#8220;4.9.7&#8243; _module_preset=&#8220;default&#8220; custom_padding=&#8220;0px||||false|false&#8220;][et_pb_column type=&#8220;1_4&#8243; _builder_version=&#8220;4.9.7&#8243; _module_preset=&#8220;default&#8220;][et_pb_image src=&#8220;https:\/\/drvetgroup.com\/wp-content\/uploads\/2021\/07\/DrVet-DE-Vorteile-von_Kalcivet-1.svg&#8220; title_text=&#8220;DrVet DE Vorteile von_Kalcivet 1&#8243; align_tablet=&#8220;center&#8220; align_phone=&#8220;&#8220; align_last_edited=&#8220;on|desktop&#8220; admin_label=&#8220;Slika&#8220; _builder_version=&#8220;4.9.7&#8243; animation_style=&#8220;slide&#8220; animation_direction=&#8220;left&#8220; animation_duration=&#8220;500ms&#8220; animation_intensity_slide=&#8220;10%&#8220; animation=&#8220;left&#8220; sticky=&#8220;off&#8220; use_border_color=&#8220;off&#8220; border_color=&#8220;#ffffff&#8220; border_style=&#8220;solid&#8220; always_center_on_mobile=&#8220;on&#8220;]&nbsp;[\/et_pb_image][\/et_pb_column][et_pb_column type=&#8220;1_4&#8243; _builder_version=&#8220;4.9.7&#8243; _module_preset=&#8220;default&#8220;][et_pb_image src=&#8220;https:\/\/drvetgroup.com\/wp-content\/uploads\/2021\/07\/DrVet-DE-Vorteile-von_Kalcivet-2.svg&#8220; title_text=&#8220;DrVet DE Vorteile von_Kalcivet 2&#8243; align_tablet=&#8220;center&#8220; align_phone=&#8220;&#8220; align_last_edited=&#8220;on|desktop&#8220; admin_label=&#8220;Slika&#8220; _builder_version=&#8220;4.9.7&#8243; animation_style=&#8220;slide&#8220; animation_direction=&#8220;left&#8220; animation_duration=&#8220;500ms&#8220; animation_intensity_slide=&#8220;10%&#8220; animation=&#8220;left&#8220; sticky=&#8220;off&#8220; use_border_color=&#8220;off&#8220; border_color=&#8220;#ffffff&#8220; border_style=&#8220;solid&#8220; always_center_on_mobile=&#8220;on&#8220;]&nbsp;[\/et_pb_image][\/et_pb_column][et_pb_column type=&#8220;1_4&#8243; _builder_version=&#8220;4.9.7&#8243; _module_preset=&#8220;default&#8220;][et_pb_image src=&#8220;https:\/\/drvetgroup.com\/wp-content\/uploads\/2021\/07\/DrVet-DE-Vorteile-von_Kalcivet-3.svg&#8220; title_text=&#8220;DrVet DE Vorteile von_Kalcivet 3&#8243; align_tablet=&#8220;center&#8220; align_phone=&#8220;&#8220; align_last_edited=&#8220;on|desktop&#8220; admin_label=&#8220;Slika&#8220; _builder_version=&#8220;4.9.7&#8243; animation_style=&#8220;slide&#8220; animation_direction=&#8220;left&#8220; animation_duration=&#8220;500ms&#8220; animation_intensity_slide=&#8220;10%&#8220; animation=&#8220;left&#8220; sticky=&#8220;off&#8220; use_border_color=&#8220;off&#8220; border_color=&#8220;#ffffff&#8220; border_style=&#8220;solid&#8220; always_center_on_mobile=&#8220;on&#8220;]&nbsp;[\/et_pb_image][\/et_pb_column][et_pb_column type=&#8220;1_4&#8243; _builder_version=&#8220;4.9.7&#8243; _module_preset=&#8220;default&#8220;][et_pb_image src=&#8220;https:\/\/drvetgroup.com\/wp-content\/uploads\/2021\/07\/DrVet-DE-Vorteile-von_Kalcivet-4.svg&#8220; title_text=&#8220;DrVet DE Vorteile von_Kalcivet 4&#8243; align_tablet=&#8220;center&#8220; align_phone=&#8220;&#8220; align_last_edited=&#8220;on|desktop&#8220; admin_label=&#8220;Slika&#8220; _builder_version=&#8220;4.9.7&#8243; animation_style=&#8220;slide&#8220; animation_direction=&#8220;left&#8220; animation_duration=&#8220;500ms&#8220; animation_intensity_slide=&#8220;10%&#8220; animation=&#8220;left&#8220; sticky=&#8220;off&#8220; use_border_color=&#8220;off&#8220; border_color=&#8220;#ffffff&#8220; border_style=&#8220;solid&#8220; always_center_on_mobile=&#8220;on&#8220;]&nbsp;[\/et_pb_image][\/et_pb_column][\/et_pb_row][et_pb_row admin_label=&#8220;row&#8220; _builder_version=&#8220;3.25&#8243; background_size=&#8220;initial&#8220; background_position=&#8220;top_left&#8220; background_repeat=&#8220;repeat&#8220;][et_pb_column type=&#8220;4_4&#8243; _builder_version=&#8220;3.25&#8243; custom_padding=&#8220;|||&#8220; custom_padding__hover=&#8220;|||&#8220;][et_pb_text admin_label=&#8220;Tekst&#8220; _builder_version=&#8220;3.27.4&#8243; text_font_size=&#8220;16&#8243; text_line_height=&#8220;1.9em&#8220; background_size=&#8220;initial&#8220; background_position=&#8220;top_left&#8220; background_repeat=&#8220;repeat&#8220; use_border_color=&#8220;off&#8220; border_color=&#8220;#000000&#8243; border_style=&#8220;solid&#8220;]<\/p>\n<h1><strong>KALCIVET<\/strong><\/h1>\n<p><strong>KALCIVET<\/strong> ist ein Produkt, das f\u00fcr die F\u00fctterung junger Hunde und Katzen, tr\u00e4chtiger und s\u00e4ugender H\u00fcndinnen sowie f\u00fcr \u00e4ltere Hunde und Katzen gedacht ist. Calcium, Phosphor und Vitamin D sind wichtig f\u00fcr Wachstum und Entwicklung des Knochenaufbaus von Hunden und Katzen. Das Verh\u00e4ltnis von <strong>3:1<\/strong> von <strong>Calcium<\/strong> und <strong>Phosphor<\/strong> hat sich in der Praxis als optimal f\u00fcr verschiedene Hunde und Katzen erwiesen. Eigene Erfahrung bei der Aufzucht von jungen Hunden und Katzen sowie Empfehlungen von professioneller Seite waren die Grundlage bei der Entwicklung dieses Produkts. Bei der regul\u00e4ren F\u00fctterung bekommen unsere Haustiere h\u00e4ufig nicht die notwendige Menge an oben genannten Stoffen, weshalb der Knochenbau nur schwierig optimal gedeihen kann. Der Einsatz von Kalcivet in den ersten 12 Wachstums- und Entwicklungsmonaten von jungen Hunden und Katzen verhindert Knochenbr\u00fcche und \u2013deformierungen. Hohe Dosen an Calcium in der t\u00e4glichen Hunde- und Katzennahrung stellen ein Problem dar, denn dadurch wird die Resorbierung vieler wichtiger Minerale reduziert (Mg, Zn uvm.) und der Stoffwechselprozess im K\u00f6rper verlangsamt sich.<\/p>\n<p>Au\u00dfer Calcium, Phosphor und Vitamin D enth\u00e4lt Kalcivet auch andere wichtige Vitamine, Minerale und Aminos\u00e4uren. Minerale haben einen biologischen (chelatbildenden) Ursprung, also die am leichtesten zu verarbeitende Form f\u00fcr den Organismus. Auf diese Weise wird der negative Einfluss von Calcium auf die Absorption von Mineralien reduziert und man erh\u00e4lt die gr\u00f6\u00dftm\u00f6gliche Wirkung. Die Menge der Inhaltsstoffe zeigt, dass es sich hierbei um ein hochwertiges und sorgf\u00e4ltig entwickeltes Produkt handelt, das nicht nur den Knochenbau unterst\u00fctzt sondern auch die Entwicklung des gesamten Organismus.<\/p>\n<p>Der Bedarf an Mineralen und Vitaminen bei tr\u00e4chtigen H\u00fcndinnen und Katzen w\u00e4chst t\u00e4glich mit dem Wachstum und der Entwicklung des F\u00f6tus.Durch das Erg\u00e4nzen von Kalcivet w\u00e4hrend der Tr\u00e4chtigkeit werden H\u00fcndinnen und Katzenm\u00fctter besser versorgt, die Gesundheit sowie das Wachstum der Hunde- und Katzenbabies nach der Geburt werden optimal unterst\u00fctzt.<\/p>\n<p>H\u00fcndinnen und Katzen geben gro\u00dfe Mengen an Mineralien und Vitaminen beim S\u00e4ugen in der Milch weiter, deshalb ist die Erg\u00e4nzung ihres Futters wichtig, um einen Mangel aufzufangen. Die erprobten Mineralienformen f\u00fcllen die Reserven im K\u00f6rper schnell wieder auf und stellen eine schnellere Erholung der H\u00fcndinnen und Katzenm\u00fctter nach der Periode des S\u00e4ugens sicher. Da die Milch der Muttertiere die einzige Nahrungsquelle der Jungen ist, ist der Einsatz dieses Produkts f\u00fcr ihre Entwicklung sinnvoll.<\/p>\n<p>Dieses Produkt wurde entwickelt, um die n\u00f6tigen Mengen von Calcium, Phosphor und Vitamin D zuzuf\u00fchren sowie die Entwicklung und den Erhalt des Knochenbaus von Hunden und Katzen zu unterst\u00fctzen. Vitamine und Mineralien mit diesem komplexen Produkt zu erg\u00e4nzen hat eine positive Auswirkung auf den gesamten K\u00f6rper, womit das Ergebnis ein komplexes Produkt auf dem Markt ist<\/p>\n<p>&nbsp;[\/et_pb_text][\/et_pb_column][\/et_pb_row][\/et_pb_section]<\/p>\n","protected":false},"excerpt":{"rendered":"<p>&nbsp; &nbsp; &nbsp; &nbsp; &nbsp; &nbsp; &nbsp; &nbsp; &nbsp; &nbsp;&nbsp; &nbsp; &nbsp; &nbsp; &nbsp;KALCIVET mineralische Nahrungserg\u00e4nzung f\u00fcr Hunde und Katzen \u2013 mit Aminos\u00e4uren (Lysin, Methionin) Bestandteile: Calcium 18%, Phosphor 6%, Lysin 0,4%, Methionin 0,4%, Natrium 0,2% Zusammensetzung: Bierhefe, Cellulosepulver, Calciumcarbonat, Monocalciumphosphat, Kieselerde, Magnesiumstearat, Magnesiumoxid Zusatzstoffe (pro kg):Vitamine: A E672 700.000 IU, D3 E671 40.000 IU, [&hellip;]<\/p>\n","protected":false},"author":8,"featured_media":0,"parent":0,"menu_order":0,"comment_status":"closed","ping_status":"closed","template":"","meta":{"_et_pb_use_builder":"on","_et_pb_old_content":"","_et_gb_content_width":"","inline_featured_image":false,"footnotes":""},"class_list":["post-1639","page","type-page","status-publish","hentry"],"_links":{"self":[{"href":"https:\/\/drvetgroup.com\/de\/wp-json\/wp\/v2\/pages\/1639","targetHints":{"allow":["GET"]}}],"collection":[{"href":"https:\/\/drvetgroup.com\/de\/wp-json\/wp\/v2\/pages"}],"about":[{"href":"https:\/\/drvetgroup.com\/de\/wp-json\/wp\/v2\/types\/page"}],"author":[{"embeddable":true,"href":"https:\/\/drvetgroup.com\/de\/wp-json\/wp\/v2\/users\/8"}],"replies":[{"embeddable":true,"href":"https:\/\/drvetgroup.com\/de\/wp-json\/wp\/v2\/comments?post=1639"}],"version-history":[{"count":0,"href":"https:\/\/drvetgroup.com\/de\/wp-json\/wp\/v2\/pages\/1639\/revisions"}],"wp:attachment":[{"href":"https:\/\/drvetgroup.com\/de\/wp-json\/wp\/v2\/media?parent=1639"}],"curies":[{"name":"wp","href":"https:\/\/api.w.org\/{rel}","templated":true}]}}